{"id":11,"date":"2024-02-10T15:24:36","date_gmt":"2024-02-10T18:24:36","guid":{"rendered":"https:\/\/encontroamigosdoradio.com.br\/?page_id=11"},"modified":"2025-10-06T06:20:42","modified_gmt":"2025-10-06T09:20:42","slug":"duvidas-sobre-o-encontro-de-radioamadores-de-artur-nogueira","status":"publish","type":"page","link":"https:\/\/encontroamigosdoradio.com.br\/index.php\/duvidas-sobre-o-encontro-de-radioamadores-de-artur-nogueira\/","title":{"rendered":"D\u00favidas"},"content":{"rendered":"\n<p>Tire suas d\u00favidas entre em contato pelo e-mail rubens@py2ve.com ou Whatsapp 019974185136<\/p>\n\n\n\n<p><\/p>\n\n\n\n<p>Grupo no Whatsapp entre por aqui <a href=\"https:\/\/chat.whatsapp.com\/KxJ3vuVB1Im0heHdEciQ5o\" target=\"_blank\" rel=\"noreferrer noopener\">https:\/\/chat.whatsapp.com\/KxJ3vuVB1Im0heHdEciQ5o<\/a><\/p>\n\n\n\n<p>Meu telefone para contato 019974185136<\/p>\n\n\n\n<p>Material de apoio cartaz para divulga\u00e7\u00e3o<\/p>\n\n\n\n<div data-wp-interactive=\"core\/file\" class=\"wp-block-file\"><object data-wp-bind--hidden=\"!state.hasPdfPreview\" hidden class=\"wp-block-file__embed\" data=\"https:\/\/encontroamigosdoradio.com.br\/wp-content\/uploads\/2025\/10\/cartaz-radioamadores2025.pdf\" type=\"application\/pdf\" style=\"width:100%;height:1270px\" aria-label=\"Incorporado de cartaz-radioamadores2025.\"><\/object><a id=\"wp-block-file--media-7205eeff-7c05-437a-b472-41404787f543\" href=\"https:\/\/encontroamigosdoradio.com.br\/wp-content\/uploads\/2025\/10\/cartaz-radioamadores2025.pdf\">cartaz-radioamadores2025<\/a><a href=\"https:\/\/encontroamigosdoradio.com.br\/wp-content\/uploads\/2025\/10\/cartaz-radioamadores2025.pdf\" class=\"wp-block-file__button wp-element-button\" download aria-describedby=\"wp-block-file--media-7205eeff-7c05-437a-b472-41404787f543\">Baixar<\/a><\/div>\n\n\n\n<p>&#8211; <\/p>\n","protected":false},"excerpt":{"rendered":"<p>Tire suas d\u00favidas entre em contato pelo e-mail rubens@py2ve.com ou Whatsapp 019974185136 Grupo no Whatsapp entre por aqui https:\/\/chat.whatsapp.com\/KxJ3vuVB1Im0heHdEciQ5o Meu telefone para contato 019974185136 Material de apoio cartaz para divulga\u00e7\u00e3o &#8211;<\/p>\n","protected":false},"author":1,"featured_media":498,"parent":0,"menu_order":0,"comment_status":"closed","ping_status":"closed","template":"","meta":{"footnotes":""},"class_list":["post-11","page","type-page","status-publish","has-post-thumbnail","hentry"],"yoast_head":"<!-- This site is optimized with the Yoast SEO plugin v27.4 - https:\/\/yoast.com\/product\/yoast-seo-wordpress\/ -->\n<title>D\u00favidas - Vem ai 6\u00ba Encontro Amigos do R\u00e1dio<\/title>\n<meta name=\"robots\" content=\"index, follow, max-snippet:-1, max-image-preview:large, max-video-preview:-1\" \/>\n<link rel=\"canonical\" href=\"https:\/\/encontroamigosdoradio.com.br\/index.php\/duvidas-sobre-o-encontro-de-radioamadores-de-artur-nogueira\/\" \/>\n<meta property=\"og:locale\" content=\"pt_BR\" \/>\n<meta property=\"og:type\" content=\"article\" \/>\n<meta property=\"og:title\" content=\"D\u00favidas - Vem ai 6\u00ba Encontro Amigos do R\u00e1dio\" \/>\n<meta property=\"og:description\" content=\"Tire suas d\u00favidas entre em contato pelo e-mail rubens@py2ve.com ou Whatsapp 019974185136 Grupo no Whatsapp entre por aqui https:\/\/chat.whatsapp.com\/KxJ3vuVB1Im0heHdEciQ5o Meu telefone para contato 019974185136 Material de apoio cartaz para divulga\u00e7\u00e3o &#8211;\" \/>\n<meta property=\"og:url\" content=\"https:\/\/encontroamigosdoradio.com.br\/index.php\/duvidas-sobre-o-encontro-de-radioamadores-de-artur-nogueira\/\" \/>\n<meta property=\"og:site_name\" content=\"Vem ai 6\u00ba Encontro Amigos do R\u00e1dio\" \/>\n<meta property=\"article:modified_time\" content=\"2025-10-06T09:20:42+00:00\" \/>\n<meta property=\"og:image\" content=\"https:\/\/encontroamigosdoradio.com.br\/wp-content\/uploads\/2025\/08\/duvidas.png\" \/>\n\t<meta property=\"og:image:width\" content=\"580\" \/>\n\t<meta property=\"og:image:height\" content=\"300\" \/>\n\t<meta property=\"og:image:type\" content=\"image\/png\" \/>\n<meta name=\"twitter:card\" content=\"summary_large_image\" \/>\n<meta name=\"twitter:label1\" content=\"Est. tempo de leitura\" \/>\n\t<meta name=\"twitter:data1\" content=\"1 minuto\" \/>\n<script type=\"application\/ld+json\" class=\"yoast-schema-graph\">{\"@context\":\"https:\\\/\\\/schema.org\",\"@graph\":[{\"@type\":\"WebPage\",\"@id\":\"https:\\\/\\\/encontroamigosdoradio.com.br\\\/index.php\\\/duvidas-sobre-o-encontro-de-radioamadores-de-artur-nogueira\\\/\",\"url\":\"https:\\\/\\\/encontroamigosdoradio.com.br\\\/index.php\\\/duvidas-sobre-o-encontro-de-radioamadores-de-artur-nogueira\\\/\",\"name\":\"D\u00favidas - Vem ai 6\u00ba Encontro Amigos do R\u00e1dio\",\"isPartOf\":{\"@id\":\"https:\\\/\\\/encontroamigosdoradio.com.br\\\/#website\"},\"primaryImageOfPage\":{\"@id\":\"https:\\\/\\\/encontroamigosdoradio.com.br\\\/index.php\\\/duvidas-sobre-o-encontro-de-radioamadores-de-artur-nogueira\\\/#primaryimage\"},\"image\":{\"@id\":\"https:\\\/\\\/encontroamigosdoradio.com.br\\\/index.php\\\/duvidas-sobre-o-encontro-de-radioamadores-de-artur-nogueira\\\/#primaryimage\"},\"thumbnailUrl\":\"https:\\\/\\\/encontroamigosdoradio.com.br\\\/wp-content\\\/uploads\\\/2025\\\/08\\\/duvidas.png\",\"datePublished\":\"2024-02-10T18:24:36+00:00\",\"dateModified\":\"2025-10-06T09:20:42+00:00\",\"breadcrumb\":{\"@id\":\"https:\\\/\\\/encontroamigosdoradio.com.br\\\/index.php\\\/duvidas-sobre-o-encontro-de-radioamadores-de-artur-nogueira\\\/#breadcrumb\"},\"inLanguage\":\"pt-BR\",\"potentialAction\":[{\"@type\":\"ReadAction\",\"target\":[\"https:\\\/\\\/encontroamigosdoradio.com.br\\\/index.php\\\/duvidas-sobre-o-encontro-de-radioamadores-de-artur-nogueira\\\/\"]}]},{\"@type\":\"ImageObject\",\"inLanguage\":\"pt-BR\",\"@id\":\"https:\\\/\\\/encontroamigosdoradio.com.br\\\/index.php\\\/duvidas-sobre-o-encontro-de-radioamadores-de-artur-nogueira\\\/#primaryimage\",\"url\":\"https:\\\/\\\/encontroamigosdoradio.com.br\\\/wp-content\\\/uploads\\\/2025\\\/08\\\/duvidas.png\",\"contentUrl\":\"https:\\\/\\\/encontroamigosdoradio.com.br\\\/wp-content\\\/uploads\\\/2025\\\/08\\\/duvidas.png\",\"width\":580,\"height\":300},{\"@type\":\"BreadcrumbList\",\"@id\":\"https:\\\/\\\/encontroamigosdoradio.com.br\\\/index.php\\\/duvidas-sobre-o-encontro-de-radioamadores-de-artur-nogueira\\\/#breadcrumb\",\"itemListElement\":[{\"@type\":\"ListItem\",\"position\":1,\"name\":\"In\u00edcio\",\"item\":\"https:\\\/\\\/encontroamigosdoradio.com.br\\\/\"},{\"@type\":\"ListItem\",\"position\":2,\"name\":\"D\u00favidas\"}]},{\"@type\":\"WebSite\",\"@id\":\"https:\\\/\\\/encontroamigosdoradio.com.br\\\/#website\",\"url\":\"https:\\\/\\\/encontroamigosdoradio.com.br\\\/\",\"name\":\"Encontro Amigos do R\u00e1dio\",\"description\":\"A paix\u00e3o pelo Radiocomunica\u00e7\u00e3o\",\"publisher\":{\"@id\":\"https:\\\/\\\/encontroamigosdoradio.com.br\\\/#organization\"},\"potentialAction\":[{\"@type\":\"SearchAction\",\"target\":{\"@type\":\"EntryPoint\",\"urlTemplate\":\"https:\\\/\\\/encontroamigosdoradio.com.br\\\/?s={search_term_string}\"},\"query-input\":{\"@type\":\"PropertyValueSpecification\",\"valueRequired\":true,\"valueName\":\"search_term_string\"}}],\"inLanguage\":\"pt-BR\"},{\"@type\":\"Organization\",\"@id\":\"https:\\\/\\\/encontroamigosdoradio.com.br\\\/#organization\",\"name\":\"Encontro Amigos do R\u00e1dio\",\"url\":\"https:\\\/\\\/encontroamigosdoradio.com.br\\\/\",\"logo\":{\"@type\":\"ImageObject\",\"inLanguage\":\"pt-BR\",\"@id\":\"https:\\\/\\\/encontroamigosdoradio.com.br\\\/#\\\/schema\\\/logo\\\/image\\\/\",\"url\":\"https:\\\/\\\/encontroamigosdoradio.com.br\\\/wp-content\\\/uploads\\\/2025\\\/02\\\/banner1-dia12102025.png\",\"contentUrl\":\"https:\\\/\\\/encontroamigosdoradio.com.br\\\/wp-content\\\/uploads\\\/2025\\\/02\\\/banner1-dia12102025.png\",\"width\":580,\"height\":300,\"caption\":\"Encontro Amigos do R\u00e1dio\"},\"image\":{\"@id\":\"https:\\\/\\\/encontroamigosdoradio.com.br\\\/#\\\/schema\\\/logo\\\/image\\\/\"}}]}<\/script>\n<!-- \/ Yoast SEO plugin. -->","yoast_head_json":{"title":"D\u00favidas - Vem ai 6\u00ba Encontro Amigos do R\u00e1dio","robots":{"index":"index","follow":"follow","max-snippet":"max-snippet:-1","max-image-preview":"max-image-preview:large","max-video-preview":"max-video-preview:-1"},"canonical":"https:\/\/encontroamigosdoradio.com.br\/index.php\/duvidas-sobre-o-encontro-de-radioamadores-de-artur-nogueira\/","og_locale":"pt_BR","og_type":"article","og_title":"D\u00favidas - Vem ai 6\u00ba Encontro Amigos do R\u00e1dio","og_description":"Tire suas d\u00favidas entre em contato pelo e-mail rubens@py2ve.com ou Whatsapp 019974185136 Grupo no Whatsapp entre por aqui https:\/\/chat.whatsapp.com\/KxJ3vuVB1Im0heHdEciQ5o Meu telefone para contato 019974185136 Material de apoio cartaz para divulga\u00e7\u00e3o &#8211;","og_url":"https:\/\/encontroamigosdoradio.com.br\/index.php\/duvidas-sobre-o-encontro-de-radioamadores-de-artur-nogueira\/","og_site_name":"Vem ai 6\u00ba Encontro Amigos do R\u00e1dio","article_modified_time":"2025-10-06T09:20:42+00:00","og_image":[{"width":580,"height":300,"url":"https:\/\/encontroamigosdoradio.com.br\/wp-content\/uploads\/2025\/08\/duvidas.png","type":"image\/png"}],"twitter_card":"summary_large_image","twitter_misc":{"Est. tempo de leitura":"1 minuto"},"schema":{"@context":"https:\/\/schema.org","@graph":[{"@type":"WebPage","@id":"https:\/\/encontroamigosdoradio.com.br\/index.php\/duvidas-sobre-o-encontro-de-radioamadores-de-artur-nogueira\/","url":"https:\/\/encontroamigosdoradio.com.br\/index.php\/duvidas-sobre-o-encontro-de-radioamadores-de-artur-nogueira\/","name":"D\u00favidas - Vem ai 6\u00ba Encontro Amigos do R\u00e1dio","isPartOf":{"@id":"https:\/\/encontroamigosdoradio.com.br\/#website"},"primaryImageOfPage":{"@id":"https:\/\/encontroamigosdoradio.com.br\/index.php\/duvidas-sobre-o-encontro-de-radioamadores-de-artur-nogueira\/#primaryimage"},"image":{"@id":"https:\/\/encontroamigosdoradio.com.br\/index.php\/duvidas-sobre-o-encontro-de-radioamadores-de-artur-nogueira\/#primaryimage"},"thumbnailUrl":"https:\/\/encontroamigosdoradio.com.br\/wp-content\/uploads\/2025\/08\/duvidas.png","datePublished":"2024-02-10T18:24:36+00:00","dateModified":"2025-10-06T09:20:42+00:00","breadcrumb":{"@id":"https:\/\/encontroamigosdoradio.com.br\/index.php\/duvidas-sobre-o-encontro-de-radioamadores-de-artur-nogueira\/#breadcrumb"},"inLanguage":"pt-BR","potentialAction":[{"@type":"ReadAction","target":["https:\/\/encontroamigosdoradio.com.br\/index.php\/duvidas-sobre-o-encontro-de-radioamadores-de-artur-nogueira\/"]}]},{"@type":"ImageObject","inLanguage":"pt-BR","@id":"https:\/\/encontroamigosdoradio.com.br\/index.php\/duvidas-sobre-o-encontro-de-radioamadores-de-artur-nogueira\/#primaryimage","url":"https:\/\/encontroamigosdoradio.com.br\/wp-content\/uploads\/2025\/08\/duvidas.png","contentUrl":"https:\/\/encontroamigosdoradio.com.br\/wp-content\/uploads\/2025\/08\/duvidas.png","width":580,"height":300},{"@type":"BreadcrumbList","@id":"https:\/\/encontroamigosdoradio.com.br\/index.php\/duvidas-sobre-o-encontro-de-radioamadores-de-artur-nogueira\/#breadcrumb","itemListElement":[{"@type":"ListItem","position":1,"name":"In\u00edcio","item":"https:\/\/encontroamigosdoradio.com.br\/"},{"@type":"ListItem","position":2,"name":"D\u00favidas"}]},{"@type":"WebSite","@id":"https:\/\/encontroamigosdoradio.com.br\/#website","url":"https:\/\/encontroamigosdoradio.com.br\/","name":"Encontro Amigos do R\u00e1dio","description":"A paix\u00e3o pelo Radiocomunica\u00e7\u00e3o","publisher":{"@id":"https:\/\/encontroamigosdoradio.com.br\/#organization"},"potentialAction":[{"@type":"SearchAction","target":{"@type":"EntryPoint","urlTemplate":"https:\/\/encontroamigosdoradio.com.br\/?s={search_term_string}"},"query-input":{"@type":"PropertyValueSpecification","valueRequired":true,"valueName":"search_term_string"}}],"inLanguage":"pt-BR"},{"@type":"Organization","@id":"https:\/\/encontroamigosdoradio.com.br\/#organization","name":"Encontro Amigos do R\u00e1dio","url":"https:\/\/encontroamigosdoradio.com.br\/","logo":{"@type":"ImageObject","inLanguage":"pt-BR","@id":"https:\/\/encontroamigosdoradio.com.br\/#\/schema\/logo\/image\/","url":"https:\/\/encontroamigosdoradio.com.br\/wp-content\/uploads\/2025\/02\/banner1-dia12102025.png","contentUrl":"https:\/\/encontroamigosdoradio.com.br\/wp-content\/uploads\/2025\/02\/banner1-dia12102025.png","width":580,"height":300,"caption":"Encontro Amigos do R\u00e1dio"},"image":{"@id":"https:\/\/encontroamigosdoradio.com.br\/#\/schema\/logo\/image\/"}}]}},"_links":{"self":[{"href":"https:\/\/encontroamigosdoradio.com.br\/index.php\/wp-json\/wp\/v2\/pages\/11","targetHints":{"allow":["GET"]}}],"collection":[{"href":"https:\/\/encontroamigosdoradio.com.br\/index.php\/wp-json\/wp\/v2\/pages"}],"about":[{"href":"https:\/\/encontroamigosdoradio.com.br\/index.php\/wp-json\/wp\/v2\/types\/page"}],"author":[{"embeddable":true,"href":"https:\/\/encontroamigosdoradio.com.br\/index.php\/wp-json\/wp\/v2\/users\/1"}],"replies":[{"embeddable":true,"href":"https:\/\/encontroamigosdoradio.com.br\/index.php\/wp-json\/wp\/v2\/comments?post=11"}],"version-history":[{"count":6,"href":"https:\/\/encontroamigosdoradio.com.br\/index.php\/wp-json\/wp\/v2\/pages\/11\/revisions"}],"predecessor-version":[{"id":835,"href":"https:\/\/encontroamigosdoradio.com.br\/index.php\/wp-json\/wp\/v2\/pages\/11\/revisions\/835"}],"wp:featuredmedia":[{"embeddable":true,"href":"https:\/\/encontroamigosdoradio.com.br\/index.php\/wp-json\/wp\/v2\/media\/498"}],"wp:attachment":[{"href":"https:\/\/encontroamigosdoradio.com.br\/index.php\/wp-json\/wp\/v2\/media?parent=11"}],"curies":[{"name":"wp","href":"https:\/\/api.w.org\/{rel}","templated":true}]}}