{"id":124,"date":"2024-06-04T12:28:19","date_gmt":"2024-06-04T15:28:19","guid":{"rendered":"https:\/\/encontroamigosdoradio.com.br\/?page_id=124"},"modified":"2025-09-19T07:48:22","modified_gmt":"2025-09-19T10:48:22","slug":"agenda-do-evento","status":"publish","type":"page","link":"https:\/\/encontroamigosdoradio.com.br\/index.php\/agenda-do-evento\/","title":{"rendered":"Agenda do Evento"},"content":{"rendered":"<div class=\"wp-block-image\">\n<figure class=\"aligncenter size-full is-resized\"><img loading=\"lazy\" decoding=\"async\" width=\"500\" height=\"500\" src=\"https:\/\/encontroamigosdoradio.com.br\/wp-content\/uploads\/2025\/09\/gif-patrocinadores-2.gif\" alt=\"\" class=\"wp-image-655\" style=\"width:500px;height:auto\"\/><\/figure>\n<\/div>\n\n\n<p><strong>Agenda do 5\u00ba Encontro Amigos do R\u00e1dio em Artur Nogueira<\/strong><\/p>\n\n\n\n<p>Se voc\u00ea j\u00e1 est\u00e1 na cidade ou planeja chegar mais cedo para o <strong>5\u00ba Encontro Amigos do R\u00e1dio<\/strong>, temos uma programa\u00e7\u00e3o especial para garantir a tradicional confraterniza\u00e7\u00e3o entre radioamadores e operadores da Faixa do Cidad\u00e3o. <\/p>\n\n\n\n<p>Confira abaixo os detalhes:<\/p>\n\n\n\n<p><strong>S\u00e1dado dia livre para turistar pela regi\u00e3o com a fam\u00edlia<\/strong><\/p>\n\n\n\n<p>A noite temos <strong>Encontro na Marque\u2019s Pizzaria, Esfiharia e Lanchonete<\/strong><br>Venha compartilhar uma boa conversa e fortalecer os la\u00e7os com colegas de r\u00e1dio enquanto desfrutamos de um ambiente descontra\u00eddo e de qualidade. <\/p>\n\n\n\n<p>Todos est\u00e3o convidados!<\/p>\n\n\n\n<p><strong>Local:<\/strong><br>R. XV de Novembro, 1170 \u2013 Cidade Jardim, Artur Nogueira \u2013 SP<br>[Ver mapa]<\/p>\n\n\n<div class=\"wp-block-image\">\n<figure class=\"aligncenter size-large is-resized\"><img decoding=\"async\" src=\"https:\/\/encontrodopastel.py2ve.com\/wp-content\/uploads\/2023\/06\/image-16.png\" alt=\"\" style=\"object-fit:cover;width:336px;height:auto\"\/><\/figure>\n<\/div>\n\n\n<p>Encontro na Marque\u2019s Pizzaria, Esfiharia e Lanchonete \u2013&nbsp;<a href=\"https:\/\/goo.gl\/maps\/eY9X4JkYV8J9KHWaA\" target=\"_blank\" rel=\"noreferrer noopener\">ver mapa<\/a><\/p>\n\n\n\n<p><strong>R. XV de Novembro, 1170 \u2013 Cidade Jardim, Artur Nogueira \u2013 SP<\/strong><\/p>\n\n\n\n<p><strong>Domingo \u2013 12\/10<\/strong><br><strong>5\u00ba Encontro Amigos do R\u00e1dio \u2013 Radioamadores e Faixa do Cidad\u00e3o<\/strong><br>O grande dia do nosso evento ser\u00e1 na <strong>Feira do Produtor Rural<\/strong>, um espa\u00e7o ideal para reunir os apaixonados por radioamadorismo. Participe e contribua para tornar essa edi\u00e7\u00e3o inesquec\u00edvel!<\/p>\n\n\n\n<p><strong>Local:<\/strong><br>Rua Monteiro Lobato, 160 \u2013 Artur Nogueira, SP<br><a href=\"https:\/\/encontroamigosdoradio.com.br\/index.php\/como-chegar\/\">https:\/\/encontroamigosdoradio.com.br\/index.php\/como-chegar\/<\/a> <\/p>\n\n\n\n<p><strong>Programa\u00e7\u00e3o:<\/strong><br><strong>08:00<\/strong> \u2013 In\u00edcio oficial do encontro<br><strong>Boas-vindas:<\/strong> Rubens Zolotujin, organizador e anfitri\u00e3o<br>Celebra\u00e7\u00e3o do <strong>Dia do Radioamador Nogueirense<\/strong><br><strong>18:00<\/strong> \u2013 Encerramento oficial do 5\u00ba Encontro Amigos do R\u00e1dio<\/p>\n\n\n\n<hr class=\"wp-block-separator has-alpha-channel-opacity\"\/>\n\n\n\n<p><\/p>\n\n\n\n<figure class=\"wp-block-image size-large\"><img decoding=\"async\" src=\"https:\/\/encontrodopastel.py2ve.com\/wp-content\/uploads\/2023\/06\/image-18.png\" alt=\"\"\/><\/figure>\n\n\n\n<p>Estamos ansiosos para receber todos voc\u00eas. Seja radioamador ou operador da Faixa do Cidad\u00e3o, voc\u00ea \u00e9 <strong>muito bem-vindo<\/strong>! <\/p>\n\n\n\n<p>Aproveite tamb\u00e9m para conhecer um pouco mais da cidade e da regi\u00e3o. Nos vemos l\u00e1!<\/p>\n\n\n\n<div data-wp-interactive=\"core\/file\" class=\"wp-block-file\"><object data-wp-bind--hidden=\"!state.hasPdfPreview\" hidden class=\"wp-block-file__embed\" data=\"https:\/\/encontroamigosdoradio.com.br\/wp-content\/uploads\/2025\/09\/cartaz-radioamadores2025-1.pdf\" type=\"application\/pdf\" style=\"width:100%;height:600px\" aria-label=\"Incorporado de cartaz-radioamadores2025.\"><\/object><a id=\"wp-block-file--media-8243d41d-3608-4582-8ddd-2507b524c1ff\" href=\"https:\/\/encontroamigosdoradio.com.br\/wp-content\/uploads\/2025\/09\/cartaz-radioamadores2025-1.pdf\">cartaz-radioamadores2025<\/a><a href=\"https:\/\/encontroamigosdoradio.com.br\/wp-content\/uploads\/2025\/09\/cartaz-radioamadores2025-1.pdf\" class=\"wp-block-file__button wp-element-button\" download aria-describedby=\"wp-block-file--media-8243d41d-3608-4582-8ddd-2507b524c1ff\">Baixar<\/a><\/div>\n","protected":false},"excerpt":{"rendered":"<p>Agenda do 5\u00ba Encontro Amigos do R\u00e1dio em Artur Nogueira Se voc\u00ea j\u00e1 est\u00e1 na cidade ou planeja chegar mais cedo para o 5\u00ba Encontro Amigos do R\u00e1dio, temos uma programa\u00e7\u00e3o especial para garantir a tradicional confraterniza\u00e7\u00e3o entre radioamadores e operadores da Faixa do Cidad\u00e3o. Confira abaixo os detalhes: S\u00e1dado dia livre para turistar pela [&hellip;]<\/p>\n","protected":false},"author":1,"featured_media":493,"parent":0,"menu_order":0,"comment_status":"closed","ping_status":"closed","template":"","meta":{"footnotes":""},"class_list":["post-124","page","type-page","status-publish","has-post-thumbnail","hentry"],"yoast_head":"<!-- This site is optimized with the Yoast SEO plugin v27.4 - https:\/\/yoast.com\/product\/yoast-seo-wordpress\/ -->\n<title>Agenda do Evento - 6\u00ba Encontro Amigos do R\u00e1dio 10-11\/10\/2026<\/title>\n<meta name=\"robots\" content=\"index, follow, max-snippet:-1, max-image-preview:large, max-video-preview:-1\" \/>\n<link rel=\"canonical\" href=\"https:\/\/encontroamigosdoradio.com.br\/index.php\/agenda-do-evento\/\" \/>\n<meta property=\"og:locale\" content=\"pt_BR\" \/>\n<meta property=\"og:type\" content=\"article\" \/>\n<meta property=\"og:title\" content=\"Agenda do Evento - 6\u00ba Encontro Amigos do R\u00e1dio 10-11\/10\/2026\" \/>\n<meta property=\"og:description\" content=\"Agenda do 5\u00ba Encontro Amigos do R\u00e1dio em Artur Nogueira Se voc\u00ea j\u00e1 est\u00e1 na cidade ou planeja chegar mais cedo para o 5\u00ba Encontro Amigos do R\u00e1dio, temos uma programa\u00e7\u00e3o especial para garantir a tradicional confraterniza\u00e7\u00e3o entre radioamadores e operadores da Faixa do Cidad\u00e3o. Confira abaixo os detalhes: S\u00e1dado dia livre para turistar pela [&hellip;]\" \/>\n<meta property=\"og:url\" content=\"https:\/\/encontroamigosdoradio.com.br\/index.php\/agenda-do-evento\/\" \/>\n<meta property=\"og:site_name\" content=\"6\u00ba Encontro Amigos do R\u00e1dio 10-11\/10\/2026\" \/>\n<meta property=\"article:modified_time\" content=\"2025-09-19T10:48:22+00:00\" \/>\n<meta property=\"og:image\" content=\"https:\/\/encontroamigosdoradio.com.br\/wp-content\/uploads\/2025\/08\/agenda.png\" \/>\n\t<meta property=\"og:image:width\" content=\"580\" \/>\n\t<meta property=\"og:image:height\" content=\"300\" \/>\n\t<meta property=\"og:image:type\" content=\"image\/png\" \/>\n<meta name=\"twitter:card\" content=\"summary_large_image\" \/>\n<meta name=\"twitter:label1\" content=\"Est. tempo de leitura\" \/>\n\t<meta name=\"twitter:data1\" content=\"3 minutos\" \/>\n<script type=\"application\/ld+json\" class=\"yoast-schema-graph\">{\"@context\":\"https:\\\/\\\/schema.org\",\"@graph\":[{\"@type\":\"WebPage\",\"@id\":\"https:\\\/\\\/encontroamigosdoradio.com.br\\\/index.php\\\/agenda-do-evento\\\/\",\"url\":\"https:\\\/\\\/encontroamigosdoradio.com.br\\\/index.php\\\/agenda-do-evento\\\/\",\"name\":\"Agenda do Evento - 6\u00ba Encontro Amigos do R\u00e1dio 10-11\\\/10\\\/2026\",\"isPartOf\":{\"@id\":\"https:\\\/\\\/encontroamigosdoradio.com.br\\\/#website\"},\"primaryImageOfPage\":{\"@id\":\"https:\\\/\\\/encontroamigosdoradio.com.br\\\/index.php\\\/agenda-do-evento\\\/#primaryimage\"},\"image\":{\"@id\":\"https:\\\/\\\/encontroamigosdoradio.com.br\\\/index.php\\\/agenda-do-evento\\\/#primaryimage\"},\"thumbnailUrl\":\"https:\\\/\\\/encontroamigosdoradio.com.br\\\/wp-content\\\/uploads\\\/2025\\\/08\\\/agenda.png\",\"datePublished\":\"2024-06-04T15:28:19+00:00\",\"dateModified\":\"2025-09-19T10:48:22+00:00\",\"breadcrumb\":{\"@id\":\"https:\\\/\\\/encontroamigosdoradio.com.br\\\/index.php\\\/agenda-do-evento\\\/#breadcrumb\"},\"inLanguage\":\"pt-BR\",\"potentialAction\":[{\"@type\":\"ReadAction\",\"target\":[\"https:\\\/\\\/encontroamigosdoradio.com.br\\\/index.php\\\/agenda-do-evento\\\/\"]}]},{\"@type\":\"ImageObject\",\"inLanguage\":\"pt-BR\",\"@id\":\"https:\\\/\\\/encontroamigosdoradio.com.br\\\/index.php\\\/agenda-do-evento\\\/#primaryimage\",\"url\":\"https:\\\/\\\/encontroamigosdoradio.com.br\\\/wp-content\\\/uploads\\\/2025\\\/08\\\/agenda.png\",\"contentUrl\":\"https:\\\/\\\/encontroamigosdoradio.com.br\\\/wp-content\\\/uploads\\\/2025\\\/08\\\/agenda.png\",\"width\":580,\"height\":300},{\"@type\":\"BreadcrumbList\",\"@id\":\"https:\\\/\\\/encontroamigosdoradio.com.br\\\/index.php\\\/agenda-do-evento\\\/#breadcrumb\",\"itemListElement\":[{\"@type\":\"ListItem\",\"position\":1,\"name\":\"In\u00edcio\",\"item\":\"https:\\\/\\\/encontroamigosdoradio.com.br\\\/\"},{\"@type\":\"ListItem\",\"position\":2,\"name\":\"Agenda do Evento\"}]},{\"@type\":\"WebSite\",\"@id\":\"https:\\\/\\\/encontroamigosdoradio.com.br\\\/#website\",\"url\":\"https:\\\/\\\/encontroamigosdoradio.com.br\\\/\",\"name\":\"Encontro Amigos do R\u00e1dio\",\"description\":\"Onde a paix\u00e3o vira comunica\u00e7\u00e3o e amizade vira fam\u00edlia\",\"publisher\":{\"@id\":\"https:\\\/\\\/encontroamigosdoradio.com.br\\\/#organization\"},\"potentialAction\":[{\"@type\":\"SearchAction\",\"target\":{\"@type\":\"EntryPoint\",\"urlTemplate\":\"https:\\\/\\\/encontroamigosdoradio.com.br\\\/?s={search_term_string}\"},\"query-input\":{\"@type\":\"PropertyValueSpecification\",\"valueRequired\":true,\"valueName\":\"search_term_string\"}}],\"inLanguage\":\"pt-BR\"},{\"@type\":\"Organization\",\"@id\":\"https:\\\/\\\/encontroamigosdoradio.com.br\\\/#organization\",\"name\":\"Encontro Amigos do R\u00e1dio\",\"url\":\"https:\\\/\\\/encontroamigosdoradio.com.br\\\/\",\"logo\":{\"@type\":\"ImageObject\",\"inLanguage\":\"pt-BR\",\"@id\":\"https:\\\/\\\/encontroamigosdoradio.com.br\\\/#\\\/schema\\\/logo\\\/image\\\/\",\"url\":\"https:\\\/\\\/encontroamigosdoradio.com.br\\\/wp-content\\\/uploads\\\/2025\\\/02\\\/banner1-dia12102025.png\",\"contentUrl\":\"https:\\\/\\\/encontroamigosdoradio.com.br\\\/wp-content\\\/uploads\\\/2025\\\/02\\\/banner1-dia12102025.png\",\"width\":580,\"height\":300,\"caption\":\"Encontro Amigos do R\u00e1dio\"},\"image\":{\"@id\":\"https:\\\/\\\/encontroamigosdoradio.com.br\\\/#\\\/schema\\\/logo\\\/image\\\/\"}}]}<\/script>\n<!-- \/ Yoast SEO plugin. -->","yoast_head_json":{"title":"Agenda do Evento - 6\u00ba Encontro Amigos do R\u00e1dio 10-11\/10\/2026","robots":{"index":"index","follow":"follow","max-snippet":"max-snippet:-1","max-image-preview":"max-image-preview:large","max-video-preview":"max-video-preview:-1"},"canonical":"https:\/\/encontroamigosdoradio.com.br\/index.php\/agenda-do-evento\/","og_locale":"pt_BR","og_type":"article","og_title":"Agenda do Evento - 6\u00ba Encontro Amigos do R\u00e1dio 10-11\/10\/2026","og_description":"Agenda do 5\u00ba Encontro Amigos do R\u00e1dio em Artur Nogueira Se voc\u00ea j\u00e1 est\u00e1 na cidade ou planeja chegar mais cedo para o 5\u00ba Encontro Amigos do R\u00e1dio, temos uma programa\u00e7\u00e3o especial para garantir a tradicional confraterniza\u00e7\u00e3o entre radioamadores e operadores da Faixa do Cidad\u00e3o. Confira abaixo os detalhes: S\u00e1dado dia livre para turistar pela [&hellip;]","og_url":"https:\/\/encontroamigosdoradio.com.br\/index.php\/agenda-do-evento\/","og_site_name":"6\u00ba Encontro Amigos do R\u00e1dio 10-11\/10\/2026","article_modified_time":"2025-09-19T10:48:22+00:00","og_image":[{"width":580,"height":300,"url":"https:\/\/encontroamigosdoradio.com.br\/wp-content\/uploads\/2025\/08\/agenda.png","type":"image\/png"}],"twitter_card":"summary_large_image","twitter_misc":{"Est. tempo de leitura":"3 minutos"},"schema":{"@context":"https:\/\/schema.org","@graph":[{"@type":"WebPage","@id":"https:\/\/encontroamigosdoradio.com.br\/index.php\/agenda-do-evento\/","url":"https:\/\/encontroamigosdoradio.com.br\/index.php\/agenda-do-evento\/","name":"Agenda do Evento - 6\u00ba Encontro Amigos do R\u00e1dio 10-11\/10\/2026","isPartOf":{"@id":"https:\/\/encontroamigosdoradio.com.br\/#website"},"primaryImageOfPage":{"@id":"https:\/\/encontroamigosdoradio.com.br\/index.php\/agenda-do-evento\/#primaryimage"},"image":{"@id":"https:\/\/encontroamigosdoradio.com.br\/index.php\/agenda-do-evento\/#primaryimage"},"thumbnailUrl":"https:\/\/encontroamigosdoradio.com.br\/wp-content\/uploads\/2025\/08\/agenda.png","datePublished":"2024-06-04T15:28:19+00:00","dateModified":"2025-09-19T10:48:22+00:00","breadcrumb":{"@id":"https:\/\/encontroamigosdoradio.com.br\/index.php\/agenda-do-evento\/#breadcrumb"},"inLanguage":"pt-BR","potentialAction":[{"@type":"ReadAction","target":["https:\/\/encontroamigosdoradio.com.br\/index.php\/agenda-do-evento\/"]}]},{"@type":"ImageObject","inLanguage":"pt-BR","@id":"https:\/\/encontroamigosdoradio.com.br\/index.php\/agenda-do-evento\/#primaryimage","url":"https:\/\/encontroamigosdoradio.com.br\/wp-content\/uploads\/2025\/08\/agenda.png","contentUrl":"https:\/\/encontroamigosdoradio.com.br\/wp-content\/uploads\/2025\/08\/agenda.png","width":580,"height":300},{"@type":"BreadcrumbList","@id":"https:\/\/encontroamigosdoradio.com.br\/index.php\/agenda-do-evento\/#breadcrumb","itemListElement":[{"@type":"ListItem","position":1,"name":"In\u00edcio","item":"https:\/\/encontroamigosdoradio.com.br\/"},{"@type":"ListItem","position":2,"name":"Agenda do Evento"}]},{"@type":"WebSite","@id":"https:\/\/encontroamigosdoradio.com.br\/#website","url":"https:\/\/encontroamigosdoradio.com.br\/","name":"Encontro Amigos do R\u00e1dio","description":"Onde a paix\u00e3o vira comunica\u00e7\u00e3o e amizade vira fam\u00edlia","publisher":{"@id":"https:\/\/encontroamigosdoradio.com.br\/#organization"},"potentialAction":[{"@type":"SearchAction","target":{"@type":"EntryPoint","urlTemplate":"https:\/\/encontroamigosdoradio.com.br\/?s={search_term_string}"},"query-input":{"@type":"PropertyValueSpecification","valueRequired":true,"valueName":"search_term_string"}}],"inLanguage":"pt-BR"},{"@type":"Organization","@id":"https:\/\/encontroamigosdoradio.com.br\/#organization","name":"Encontro Amigos do R\u00e1dio","url":"https:\/\/encontroamigosdoradio.com.br\/","logo":{"@type":"ImageObject","inLanguage":"pt-BR","@id":"https:\/\/encontroamigosdoradio.com.br\/#\/schema\/logo\/image\/","url":"https:\/\/encontroamigosdoradio.com.br\/wp-content\/uploads\/2025\/02\/banner1-dia12102025.png","contentUrl":"https:\/\/encontroamigosdoradio.com.br\/wp-content\/uploads\/2025\/02\/banner1-dia12102025.png","width":580,"height":300,"caption":"Encontro Amigos do R\u00e1dio"},"image":{"@id":"https:\/\/encontroamigosdoradio.com.br\/#\/schema\/logo\/image\/"}}]}},"_links":{"self":[{"href":"https:\/\/encontroamigosdoradio.com.br\/index.php\/wp-json\/wp\/v2\/pages\/124","targetHints":{"allow":["GET"]}}],"collection":[{"href":"https:\/\/encontroamigosdoradio.com.br\/index.php\/wp-json\/wp\/v2\/pages"}],"about":[{"href":"https:\/\/encontroamigosdoradio.com.br\/index.php\/wp-json\/wp\/v2\/types\/page"}],"author":[{"embeddable":true,"href":"https:\/\/encontroamigosdoradio.com.br\/index.php\/wp-json\/wp\/v2\/users\/1"}],"replies":[{"embeddable":true,"href":"https:\/\/encontroamigosdoradio.com.br\/index.php\/wp-json\/wp\/v2\/comments?post=124"}],"version-history":[{"count":8,"href":"https:\/\/encontroamigosdoradio.com.br\/index.php\/wp-json\/wp\/v2\/pages\/124\/revisions"}],"predecessor-version":[{"id":665,"href":"https:\/\/encontroamigosdoradio.com.br\/index.php\/wp-json\/wp\/v2\/pages\/124\/revisions\/665"}],"wp:featuredmedia":[{"embeddable":true,"href":"https:\/\/encontroamigosdoradio.com.br\/index.php\/wp-json\/wp\/v2\/media\/493"}],"wp:attachment":[{"href":"https:\/\/encontroamigosdoradio.com.br\/index.php\/wp-json\/wp\/v2\/media?parent=124"}],"curies":[{"name":"wp","href":"https:\/\/api.w.org\/{rel}","templated":true}]}}