{"id":16,"date":"2024-02-19T16:19:02","date_gmt":"2024-02-19T19:19:02","guid":{"rendered":"https:\/\/encontroamigosdoradio.com.br\/?page_id=16"},"modified":"2025-10-06T06:07:25","modified_gmt":"2025-10-06T09:07:25","slug":"hoteis","status":"publish","type":"page","link":"https:\/\/encontroamigosdoradio.com.br\/index.php\/hoteis\/","title":{"rendered":"HOT\u00c9IS"},"content":{"rendered":"\n<p>Confira a lista de hot\u00e9is dispon\u00edveis em Artur Nogueira, SP.<\/p>\n\n\n\n<p><\/p>\n\n\n\n<p class=\"has-large-font-size\"><strong>It\u00b4s Suites<\/strong><\/p>\n\n\n\n<p>Rua Duque de Caxias, 940<br>Centro \u2013 Artur Nogueira, SP<br>019-32046000 \u2013&nbsp;<strong>WhatsApp&nbsp;<\/strong>019-992754748<\/p>\n\n\n\n<p>Como chegar&nbsp;<a href=\"https:\/\/goo.gl\/maps\/knicB2vwAFnFixCx7\" target=\"_blank\" rel=\"noreferrer noopener\">clique aqui<\/a><\/p>\n\n\n\n<figure class=\"wp-block-image size-full is-resized\"><img loading=\"lazy\" decoding=\"async\" width=\"760\" height=\"604\" src=\"https:\/\/encontroamigosdoradio.com.br\/wp-content\/uploads\/2024\/10\/image-2.png\" alt=\"\" class=\"wp-image-265\" style=\"width:581px;height:auto\" srcset=\"https:\/\/encontroamigosdoradio.com.br\/wp-content\/uploads\/2024\/10\/image-2.png 760w, https:\/\/encontroamigosdoradio.com.br\/wp-content\/uploads\/2024\/10\/image-2-300x238.png 300w\" sizes=\"auto, (max-width: 760px) 100vw, 760px\" \/><\/figure>\n\n\n\n<hr class=\"wp-block-separator has-alpha-channel-opacity\"\/>\n\n\n\n<p class=\"has-large-font-size\"><strong>Pousada Europa<\/strong><\/p>\n\n\n\n<p>Sa\u00edda para Holambra<\/p>\n\n\n\n<figure class=\"wp-block-image size-full is-resized\"><img loading=\"lazy\" decoding=\"async\" width=\"1024\" height=\"524\" src=\"https:\/\/encontroamigosdoradio.com.br\/wp-content\/uploads\/2024\/10\/image-1.png\" alt=\"\" class=\"wp-image-263\" style=\"width:555px;height:auto\" srcset=\"https:\/\/encontroamigosdoradio.com.br\/wp-content\/uploads\/2024\/10\/image-1.png 1024w, https:\/\/encontroamigosdoradio.com.br\/wp-content\/uploads\/2024\/10\/image-1-300x154.png 300w, https:\/\/encontroamigosdoradio.com.br\/wp-content\/uploads\/2024\/10\/image-1-768x393.png 768w\" sizes=\"auto, (max-width: 1024px) 100vw, 1024px\" \/><\/figure>\n\n\n\n<p>WhatsApp&nbsp;<strong>(019) 99886-3297<\/strong>&nbsp;ou<strong>&nbsp;(019)-3877-1021<\/strong><br><a href=\"https:\/\/pousadaeuropa.com.br\/\" target=\"_blank\" rel=\"noreferrer noopener\">https:\/\/pousadaeuropa.com.br\/<\/a><\/p>\n\n\n\n<p><\/p>\n\n\n\n<hr class=\"wp-block-separator has-alpha-channel-opacity\"\/>\n\n\n\n<p class=\"has-large-font-size\"><strong>Pousada dos Yp\u00eas<\/strong><\/p>\n\n\n\n<figure class=\"wp-block-image size-full\"><img loading=\"lazy\" decoding=\"async\" width=\"760\" height=\"428\" src=\"https:\/\/encontroamigosdoradio.com.br\/wp-content\/uploads\/2024\/10\/image-3.png\" alt=\"\" class=\"wp-image-268\" srcset=\"https:\/\/encontroamigosdoradio.com.br\/wp-content\/uploads\/2024\/10\/image-3.png 760w, https:\/\/encontroamigosdoradio.com.br\/wp-content\/uploads\/2024\/10\/image-3-300x169.png 300w\" sizes=\"auto, (max-width: 760px) 100vw, 760px\" \/><\/figure>\n\n\n\n<p><a href=\"https:\/\/pousadadosypes.com\">https:\/\/pousadadosypes.com<\/a><\/p>\n\n\n\n<p>Procurar por Vera ou Paulinho<br>WhatsApp 019996103455 ou 01938773758<\/p>\n\n\n\n<figure class=\"wp-block-image size-large is-resized\"><a href=\"https:\/\/www.google.com\/maps\/dir\/\/Pousada+dos+Yp%C3%AAs\/data=!4m8!4m7!1m0!1m5!1m1!1s0x94c88d47febd1807:0x8eef5eceaf2facd0!2m2!1d-47.1460572!2d-22.5940151\"><img decoding=\"async\" src=\"https:\/\/encontrodopastel.py2ve.com\/wp-content\/uploads\/2023\/06\/image-14-1024x652.png\" alt=\"\" style=\"width:593px;height:auto\"\/><\/a><\/figure>\n\n\n\n<p>Como chegar&nbsp;<a href=\"https:\/\/www.google.com\/maps\/dir\/\/Pousada+dos+Yp%C3%AAs\/data=!4m8!4m7!1m0!1m5!1m1!1s0x94c88d47febd1807:0x8eef5eceaf2facd0!2m2!1d-47.1460572!2d-22.5940151\" target=\"_blank\" rel=\"noreferrer noopener\">clique aqui ou no mapa<\/a><\/p>\n\n\n\n<p>Corra que est\u00e1 acabando as vagas nos hot\u00e9is, aproveite o dia 12\/10 para curtir com a fam\u00edlia os pontos turistico na regi\u00e3o confira aqui <a href=\"https:\/\/encontroamigosdoradio.com.br\/index.php\/turismo\/\">https:\/\/encontroamigosdoradio.com.br\/index.php\/turismo\/<\/a><\/p>\n","protected":false},"excerpt":{"rendered":"<p>Confira a lista de hot\u00e9is dispon\u00edveis em Artur Nogueira, SP. It\u00b4s Suites Rua Duque de Caxias, 940Centro \u2013 Artur Nogueira, SP019-32046000 \u2013&nbsp;WhatsApp&nbsp;019-992754748 Como chegar&nbsp;clique aqui Pousada Europa Sa\u00edda para Holambra WhatsApp&nbsp;(019) 99886-3297&nbsp;ou&nbsp;(019)-3877-1021https:\/\/pousadaeuropa.com.br\/ Pousada dos Yp\u00eas https:\/\/pousadadosypes.com Procurar por Vera ou PaulinhoWhatsApp 019996103455 ou 01938773758 Como chegar&nbsp;clique aqui ou no mapa Corra que est\u00e1 acabando as [&hellip;]<\/p>\n","protected":false},"author":1,"featured_media":490,"parent":0,"menu_order":0,"comment_status":"closed","ping_status":"closed","template":"","meta":{"footnotes":""},"class_list":["post-16","page","type-page","status-publish","has-post-thumbnail","hentry"],"yoast_head":"<!-- This site is optimized with the Yoast SEO plugin v27.4 - https:\/\/yoast.com\/product\/yoast-seo-wordpress\/ -->\n<title>HOT\u00c9IS - Vem ai 6\u00ba Encontro Amigos do R\u00e1dio<\/title>\n<meta name=\"robots\" content=\"index, follow, max-snippet:-1, max-image-preview:large, max-video-preview:-1\" \/>\n<link rel=\"canonical\" href=\"https:\/\/encontroamigosdoradio.com.br\/index.php\/hoteis\/\" \/>\n<meta property=\"og:locale\" content=\"pt_BR\" \/>\n<meta property=\"og:type\" content=\"article\" \/>\n<meta property=\"og:title\" content=\"HOT\u00c9IS - Vem ai 6\u00ba Encontro Amigos do R\u00e1dio\" \/>\n<meta property=\"og:description\" content=\"Confira a lista de hot\u00e9is dispon\u00edveis em Artur Nogueira, SP. It\u00b4s Suites Rua Duque de Caxias, 940Centro \u2013 Artur Nogueira, SP019-32046000 \u2013&nbsp;WhatsApp&nbsp;019-992754748 Como chegar&nbsp;clique aqui Pousada Europa Sa\u00edda para Holambra WhatsApp&nbsp;(019) 99886-3297&nbsp;ou&nbsp;(019)-3877-1021https:\/\/pousadaeuropa.com.br\/ Pousada dos Yp\u00eas https:\/\/pousadadosypes.com Procurar por Vera ou PaulinhoWhatsApp 019996103455 ou 01938773758 Como chegar&nbsp;clique aqui ou no mapa Corra que est\u00e1 acabando as [&hellip;]\" \/>\n<meta property=\"og:url\" content=\"https:\/\/encontroamigosdoradio.com.br\/index.php\/hoteis\/\" \/>\n<meta property=\"og:site_name\" content=\"Vem ai 6\u00ba Encontro Amigos do R\u00e1dio\" \/>\n<meta property=\"article:modified_time\" content=\"2025-10-06T09:07:25+00:00\" \/>\n<meta property=\"og:image\" content=\"https:\/\/encontroamigosdoradio.com.br\/wp-content\/uploads\/2025\/08\/ondehospedar.png\" \/>\n\t<meta property=\"og:image:width\" content=\"580\" \/>\n\t<meta property=\"og:image:height\" content=\"300\" \/>\n\t<meta property=\"og:image:type\" content=\"image\/png\" \/>\n<meta name=\"twitter:card\" content=\"summary_large_image\" \/>\n<meta name=\"twitter:label1\" content=\"Est. tempo de leitura\" \/>\n\t<meta name=\"twitter:data1\" content=\"2 minutos\" \/>\n<script type=\"application\/ld+json\" class=\"yoast-schema-graph\">{\"@context\":\"https:\\\/\\\/schema.org\",\"@graph\":[{\"@type\":\"WebPage\",\"@id\":\"https:\\\/\\\/encontroamigosdoradio.com.br\\\/index.php\\\/hoteis\\\/\",\"url\":\"https:\\\/\\\/encontroamigosdoradio.com.br\\\/index.php\\\/hoteis\\\/\",\"name\":\"HOT\u00c9IS - Vem ai 6\u00ba Encontro Amigos do R\u00e1dio\",\"isPartOf\":{\"@id\":\"https:\\\/\\\/encontroamigosdoradio.com.br\\\/#website\"},\"primaryImageOfPage\":{\"@id\":\"https:\\\/\\\/encontroamigosdoradio.com.br\\\/index.php\\\/hoteis\\\/#primaryimage\"},\"image\":{\"@id\":\"https:\\\/\\\/encontroamigosdoradio.com.br\\\/index.php\\\/hoteis\\\/#primaryimage\"},\"thumbnailUrl\":\"https:\\\/\\\/encontroamigosdoradio.com.br\\\/wp-content\\\/uploads\\\/2025\\\/08\\\/ondehospedar.png\",\"datePublished\":\"2024-02-19T19:19:02+00:00\",\"dateModified\":\"2025-10-06T09:07:25+00:00\",\"breadcrumb\":{\"@id\":\"https:\\\/\\\/encontroamigosdoradio.com.br\\\/index.php\\\/hoteis\\\/#breadcrumb\"},\"inLanguage\":\"pt-BR\",\"potentialAction\":[{\"@type\":\"ReadAction\",\"target\":[\"https:\\\/\\\/encontroamigosdoradio.com.br\\\/index.php\\\/hoteis\\\/\"]}]},{\"@type\":\"ImageObject\",\"inLanguage\":\"pt-BR\",\"@id\":\"https:\\\/\\\/encontroamigosdoradio.com.br\\\/index.php\\\/hoteis\\\/#primaryimage\",\"url\":\"https:\\\/\\\/encontroamigosdoradio.com.br\\\/wp-content\\\/uploads\\\/2025\\\/08\\\/ondehospedar.png\",\"contentUrl\":\"https:\\\/\\\/encontroamigosdoradio.com.br\\\/wp-content\\\/uploads\\\/2025\\\/08\\\/ondehospedar.png\",\"width\":580,\"height\":300},{\"@type\":\"BreadcrumbList\",\"@id\":\"https:\\\/\\\/encontroamigosdoradio.com.br\\\/index.php\\\/hoteis\\\/#breadcrumb\",\"itemListElement\":[{\"@type\":\"ListItem\",\"position\":1,\"name\":\"In\u00edcio\",\"item\":\"https:\\\/\\\/encontroamigosdoradio.com.br\\\/\"},{\"@type\":\"ListItem\",\"position\":2,\"name\":\"HOT\u00c9IS\"}]},{\"@type\":\"WebSite\",\"@id\":\"https:\\\/\\\/encontroamigosdoradio.com.br\\\/#website\",\"url\":\"https:\\\/\\\/encontroamigosdoradio.com.br\\\/\",\"name\":\"Encontro Amigos do R\u00e1dio\",\"description\":\"A paix\u00e3o pelo Radiocomunica\u00e7\u00e3o\",\"publisher\":{\"@id\":\"https:\\\/\\\/encontroamigosdoradio.com.br\\\/#organization\"},\"potentialAction\":[{\"@type\":\"SearchAction\",\"target\":{\"@type\":\"EntryPoint\",\"urlTemplate\":\"https:\\\/\\\/encontroamigosdoradio.com.br\\\/?s={search_term_string}\"},\"query-input\":{\"@type\":\"PropertyValueSpecification\",\"valueRequired\":true,\"valueName\":\"search_term_string\"}}],\"inLanguage\":\"pt-BR\"},{\"@type\":\"Organization\",\"@id\":\"https:\\\/\\\/encontroamigosdoradio.com.br\\\/#organization\",\"name\":\"Encontro Amigos do R\u00e1dio\",\"url\":\"https:\\\/\\\/encontroamigosdoradio.com.br\\\/\",\"logo\":{\"@type\":\"ImageObject\",\"inLanguage\":\"pt-BR\",\"@id\":\"https:\\\/\\\/encontroamigosdoradio.com.br\\\/#\\\/schema\\\/logo\\\/image\\\/\",\"url\":\"https:\\\/\\\/encontroamigosdoradio.com.br\\\/wp-content\\\/uploads\\\/2025\\\/02\\\/banner1-dia12102025.png\",\"contentUrl\":\"https:\\\/\\\/encontroamigosdoradio.com.br\\\/wp-content\\\/uploads\\\/2025\\\/02\\\/banner1-dia12102025.png\",\"width\":580,\"height\":300,\"caption\":\"Encontro Amigos do R\u00e1dio\"},\"image\":{\"@id\":\"https:\\\/\\\/encontroamigosdoradio.com.br\\\/#\\\/schema\\\/logo\\\/image\\\/\"}}]}<\/script>\n<!-- \/ Yoast SEO plugin. -->","yoast_head_json":{"title":"HOT\u00c9IS - Vem ai 6\u00ba Encontro Amigos do R\u00e1dio","robots":{"index":"index","follow":"follow","max-snippet":"max-snippet:-1","max-image-preview":"max-image-preview:large","max-video-preview":"max-video-preview:-1"},"canonical":"https:\/\/encontroamigosdoradio.com.br\/index.php\/hoteis\/","og_locale":"pt_BR","og_type":"article","og_title":"HOT\u00c9IS - Vem ai 6\u00ba Encontro Amigos do R\u00e1dio","og_description":"Confira a lista de hot\u00e9is dispon\u00edveis em Artur Nogueira, SP. It\u00b4s Suites Rua Duque de Caxias, 940Centro \u2013 Artur Nogueira, SP019-32046000 \u2013&nbsp;WhatsApp&nbsp;019-992754748 Como chegar&nbsp;clique aqui Pousada Europa Sa\u00edda para Holambra WhatsApp&nbsp;(019) 99886-3297&nbsp;ou&nbsp;(019)-3877-1021https:\/\/pousadaeuropa.com.br\/ Pousada dos Yp\u00eas https:\/\/pousadadosypes.com Procurar por Vera ou PaulinhoWhatsApp 019996103455 ou 01938773758 Como chegar&nbsp;clique aqui ou no mapa Corra que est\u00e1 acabando as [&hellip;]","og_url":"https:\/\/encontroamigosdoradio.com.br\/index.php\/hoteis\/","og_site_name":"Vem ai 6\u00ba Encontro Amigos do R\u00e1dio","article_modified_time":"2025-10-06T09:07:25+00:00","og_image":[{"width":580,"height":300,"url":"https:\/\/encontroamigosdoradio.com.br\/wp-content\/uploads\/2025\/08\/ondehospedar.png","type":"image\/png"}],"twitter_card":"summary_large_image","twitter_misc":{"Est. tempo de leitura":"2 minutos"},"schema":{"@context":"https:\/\/schema.org","@graph":[{"@type":"WebPage","@id":"https:\/\/encontroamigosdoradio.com.br\/index.php\/hoteis\/","url":"https:\/\/encontroamigosdoradio.com.br\/index.php\/hoteis\/","name":"HOT\u00c9IS - Vem ai 6\u00ba Encontro Amigos do R\u00e1dio","isPartOf":{"@id":"https:\/\/encontroamigosdoradio.com.br\/#website"},"primaryImageOfPage":{"@id":"https:\/\/encontroamigosdoradio.com.br\/index.php\/hoteis\/#primaryimage"},"image":{"@id":"https:\/\/encontroamigosdoradio.com.br\/index.php\/hoteis\/#primaryimage"},"thumbnailUrl":"https:\/\/encontroamigosdoradio.com.br\/wp-content\/uploads\/2025\/08\/ondehospedar.png","datePublished":"2024-02-19T19:19:02+00:00","dateModified":"2025-10-06T09:07:25+00:00","breadcrumb":{"@id":"https:\/\/encontroamigosdoradio.com.br\/index.php\/hoteis\/#breadcrumb"},"inLanguage":"pt-BR","potentialAction":[{"@type":"ReadAction","target":["https:\/\/encontroamigosdoradio.com.br\/index.php\/hoteis\/"]}]},{"@type":"ImageObject","inLanguage":"pt-BR","@id":"https:\/\/encontroamigosdoradio.com.br\/index.php\/hoteis\/#primaryimage","url":"https:\/\/encontroamigosdoradio.com.br\/wp-content\/uploads\/2025\/08\/ondehospedar.png","contentUrl":"https:\/\/encontroamigosdoradio.com.br\/wp-content\/uploads\/2025\/08\/ondehospedar.png","width":580,"height":300},{"@type":"BreadcrumbList","@id":"https:\/\/encontroamigosdoradio.com.br\/index.php\/hoteis\/#breadcrumb","itemListElement":[{"@type":"ListItem","position":1,"name":"In\u00edcio","item":"https:\/\/encontroamigosdoradio.com.br\/"},{"@type":"ListItem","position":2,"name":"HOT\u00c9IS"}]},{"@type":"WebSite","@id":"https:\/\/encontroamigosdoradio.com.br\/#website","url":"https:\/\/encontroamigosdoradio.com.br\/","name":"Encontro Amigos do R\u00e1dio","description":"A paix\u00e3o pelo Radiocomunica\u00e7\u00e3o","publisher":{"@id":"https:\/\/encontroamigosdoradio.com.br\/#organization"},"potentialAction":[{"@type":"SearchAction","target":{"@type":"EntryPoint","urlTemplate":"https:\/\/encontroamigosdoradio.com.br\/?s={search_term_string}"},"query-input":{"@type":"PropertyValueSpecification","valueRequired":true,"valueName":"search_term_string"}}],"inLanguage":"pt-BR"},{"@type":"Organization","@id":"https:\/\/encontroamigosdoradio.com.br\/#organization","name":"Encontro Amigos do R\u00e1dio","url":"https:\/\/encontroamigosdoradio.com.br\/","logo":{"@type":"ImageObject","inLanguage":"pt-BR","@id":"https:\/\/encontroamigosdoradio.com.br\/#\/schema\/logo\/image\/","url":"https:\/\/encontroamigosdoradio.com.br\/wp-content\/uploads\/2025\/02\/banner1-dia12102025.png","contentUrl":"https:\/\/encontroamigosdoradio.com.br\/wp-content\/uploads\/2025\/02\/banner1-dia12102025.png","width":580,"height":300,"caption":"Encontro Amigos do R\u00e1dio"},"image":{"@id":"https:\/\/encontroamigosdoradio.com.br\/#\/schema\/logo\/image\/"}}]}},"_links":{"self":[{"href":"https:\/\/encontroamigosdoradio.com.br\/index.php\/wp-json\/wp\/v2\/pages\/16","targetHints":{"allow":["GET"]}}],"collection":[{"href":"https:\/\/encontroamigosdoradio.com.br\/index.php\/wp-json\/wp\/v2\/pages"}],"about":[{"href":"https:\/\/encontroamigosdoradio.com.br\/index.php\/wp-json\/wp\/v2\/types\/page"}],"author":[{"embeddable":true,"href":"https:\/\/encontroamigosdoradio.com.br\/index.php\/wp-json\/wp\/v2\/users\/1"}],"replies":[{"embeddable":true,"href":"https:\/\/encontroamigosdoradio.com.br\/index.php\/wp-json\/wp\/v2\/comments?post=16"}],"version-history":[{"count":17,"href":"https:\/\/encontroamigosdoradio.com.br\/index.php\/wp-json\/wp\/v2\/pages\/16\/revisions"}],"predecessor-version":[{"id":830,"href":"https:\/\/encontroamigosdoradio.com.br\/index.php\/wp-json\/wp\/v2\/pages\/16\/revisions\/830"}],"wp:featuredmedia":[{"embeddable":true,"href":"https:\/\/encontroamigosdoradio.com.br\/index.php\/wp-json\/wp\/v2\/media\/490"}],"wp:attachment":[{"href":"https:\/\/encontroamigosdoradio.com.br\/index.php\/wp-json\/wp\/v2\/media?parent=16"}],"curies":[{"name":"wp","href":"https:\/\/api.w.org\/{rel}","templated":true}]}}