{"id":18,"date":"2024-02-19T16:21:53","date_gmt":"2024-02-19T19:21:53","guid":{"rendered":"https:\/\/encontroamigosdoradio.com.br\/?page_id=18"},"modified":"2025-10-10T05:36:26","modified_gmt":"2025-10-10T08:36:26","slug":"como-chegar","status":"publish","type":"page","link":"https:\/\/encontroamigosdoradio.com.br\/index.php\/como-chegar\/","title":{"rendered":"Como chegar"},"content":{"rendered":"\n<p><\/p>\n\n\n<div class=\"wp-block-image\">\n<figure class=\"aligncenter size-full is-resized\"><img loading=\"lazy\" decoding=\"async\" width=\"500\" height=\"500\" src=\"https:\/\/encontroamigosdoradio.com.br\/wp-content\/uploads\/2025\/10\/gif-patrocinadores.gif\" alt=\"\" class=\"wp-image-778\" style=\"width:374px;height:auto\"\/><\/figure>\n<\/div>\n\n\n<p class=\"has-normal-font-size\">Como chegar ao local do evento aqui na cidade de Artur Nogueira, SP.<\/p>\n\n\n\n<p><\/p>\n\n\n\n<p><a href=\"https:\/\/aprs.fi\/#!z=15&amp;call=a%2F5HAM&amp;others=1&amp;timerange=900&amp;tail=900\">GRID locator GG67KK &#8211; NO APRS <\/a> <\/p>\n\n\n\n<p><\/p>\n\n\n\n<p><strong>Mapa do local:<\/strong><\/p>\n\n\n\n<figure class=\"wp-block-image size-full is-resized\"><img loading=\"lazy\" decoding=\"async\" width=\"1024\" height=\"746\" src=\"https:\/\/encontroamigosdoradio.com.br\/wp-content\/uploads\/2024\/02\/image-1.png\" alt=\"\" class=\"wp-image-20\" style=\"width:715px;height:auto\" srcset=\"https:\/\/encontroamigosdoradio.com.br\/wp-content\/uploads\/2024\/02\/image-1.png 1024w, https:\/\/encontroamigosdoradio.com.br\/wp-content\/uploads\/2024\/02\/image-1-300x219.png 300w, https:\/\/encontroamigosdoradio.com.br\/wp-content\/uploads\/2024\/02\/image-1-768x560.png 768w\" sizes=\"auto, (max-width: 1024px) 100vw, 1024px\" \/><\/figure>\n\n\n\n<p class=\"has-text-align-left has-medium-font-size\"><strong>Caso n\u00e3o saiba como chegar via Google maps confira o <a href=\"https:\/\/goo.gl\/maps\/icpEJpHSWAGgS8TR6\" target=\"_blank\" rel=\"noreferrer noopener\">Mapa da localiza\u00e7\u00e3o clique aqui<\/a><\/strong><\/p>\n\n\n\n<figure class=\"wp-block-image size-full\"><img loading=\"lazy\" decoding=\"async\" width=\"299\" height=\"168\" src=\"https:\/\/encontroamigosdoradio.com.br\/wp-content\/uploads\/2025\/10\/aprs-logo.png\" alt=\"\" class=\"wp-image-840\"\/><\/figure>\n\n\n\n<p class=\"has-text-align-left has-medium-font-size\"><strong>Mapa<\/strong> <strong>usando o<a href=\"https:\/\/waze.com\/ul\/h6gyrwew94\"> Waze use este link aqui<\/a><\/strong><\/p>\n\n\n\n<p class=\"has-medium-font-size\"><strong>Rua Monteiro Lobato, 160 Artur Nogueira, SP<\/strong><\/p>\n\n\n\n<!--more-->\n\n\n\n<p><strong>Foto satelite da \u00e1rea do evento:<\/strong><\/p>\n\n\n\n<figure class=\"wp-block-image size-full\"><img loading=\"lazy\" decoding=\"async\" width=\"600\" height=\"479\" src=\"https:\/\/encontroamigosdoradio.com.br\/wp-content\/uploads\/2024\/02\/image.png\" alt=\"\" class=\"wp-image-19\" srcset=\"https:\/\/encontroamigosdoradio.com.br\/wp-content\/uploads\/2024\/02\/image.png 600w, https:\/\/encontroamigosdoradio.com.br\/wp-content\/uploads\/2024\/02\/image-300x240.png 300w\" sizes=\"auto, (max-width: 600px) 100vw, 600px\" \/><\/figure>\n\n\n\n<p><strong>\u00d4nibus de Campinas<\/strong><\/p>\n\n\n\n<p>Via \u00f4nibus da rodovi\u00e1ria de <strong>Campinas para Artur Nogueira<\/strong> <a href=\"https:\/\/www.horariodobusao.com.br\/2025\/01\/linha-emtu-606ex1-artur-nogueira.html?m=1\" target=\"_blank\" rel=\"noreferrer noopener\">veja as informa\u00e7\u00f5es<\/a><\/p>\n\n\n\n<p><\/p>\n\n\n\n<p class=\"has-black-color has-text-color has-normal-font-size\">Para quem deseja participar do <strong>5\u00ba Encontro Amigos do R\u00e1dio<\/strong> 12\/10\/2025 em Artur Nogueira, SP, \u00e9 importante saber a dist\u00e2ncia das principais cidades at\u00e9 o local do evento. Confira as dist\u00e2ncias:<\/p>\n\n\n\n<ul class=\"wp-block-list\">\n<li><strong>Curitiba<\/strong> &gt; Artur Nogueira = 536 km<\/li>\n\n\n\n<li><strong>Bras\u00edlia<\/strong> &gt; Artur Nogueira = 885 km<\/li>\n\n\n\n<li><strong>S\u00e3o Paulo<\/strong> &gt; Artur Nogueira = 157 km<\/li>\n\n\n\n<li><strong>Belo Horizonte<\/strong> &gt; Artur Nogueira = 621 km<\/li>\n\n\n\n<li><strong>Ribeir\u00e3o Preto<\/strong> &gt; Artur Nogueira = 191 km<\/li>\n\n\n\n<li><strong>Sorocaba<\/strong> &gt; Artur Nogueira = 149 km<\/li>\n\n\n\n<li><strong>S\u00e3o Jos\u00e9 dos Campos<\/strong> &gt; Artur Nogueira = 194 km<\/li>\n<\/ul>\n\n\n\n<p class=\"has-black-color has-text-color has-normal-font-size\">Artur Nogueira \u00e9 de f\u00e1cil acesso, estando a uma curta dist\u00e2ncia de importantes cidades do estado de S\u00e3o Paulo e outras regi\u00f5es do Brasil. Independentemente de onde voc\u00ea venha, a cidade o espera de bra\u00e7os abertos para um encontro cheio de novidades e trocas de experi\u00eancias no radioamadorismo!<\/p>\n\n\n\n<p>Te espero aqui !!!<\/p>\n\n\n\n<p class=\"has-normal-font-size\"><\/p>\n","protected":false},"excerpt":{"rendered":"<p>Como chegar ao local do evento aqui na cidade de Artur Nogueira, SP. GRID locator GG67KK &#8211; NO APRS Mapa do local: Caso n\u00e3o saiba como chegar via Google maps confira o Mapa da localiza\u00e7\u00e3o clique aqui Mapa usando o Waze use este link aqui Rua Monteiro Lobato, 160 Artur Nogueira, SP<\/p>\n","protected":false},"author":1,"featured_media":0,"parent":0,"menu_order":0,"comment_status":"closed","ping_status":"closed","template":"","meta":{"footnotes":""},"class_list":["post-18","page","type-page","status-publish","hentry"],"yoast_head":"<!-- This site is optimized with the Yoast SEO plugin v27.5 - https:\/\/yoast.com\/product\/yoast-seo-wordpress\/ -->\n<title>Como chegar - 6\u00ba Encontro Amigos do R\u00e1dio 10-11\/10\/2026<\/title>\n<meta name=\"robots\" content=\"index, follow, max-snippet:-1, max-image-preview:large, max-video-preview:-1\" \/>\n<link rel=\"canonical\" href=\"https:\/\/encontroamigosdoradio.com.br\/index.php\/como-chegar\/\" \/>\n<meta property=\"og:locale\" content=\"pt_BR\" \/>\n<meta property=\"og:type\" content=\"article\" \/>\n<meta property=\"og:title\" content=\"Como chegar - 6\u00ba Encontro Amigos do R\u00e1dio 10-11\/10\/2026\" \/>\n<meta property=\"og:description\" content=\"Como chegar ao local do evento aqui na cidade de Artur Nogueira, SP. GRID locator GG67KK &#8211; NO APRS Mapa do local: Caso n\u00e3o saiba como chegar via Google maps confira o Mapa da localiza\u00e7\u00e3o clique aqui Mapa usando o Waze use este link aqui Rua Monteiro Lobato, 160 Artur Nogueira, SP\" \/>\n<meta property=\"og:url\" content=\"https:\/\/encontroamigosdoradio.com.br\/index.php\/como-chegar\/\" \/>\n<meta property=\"og:site_name\" content=\"6\u00ba Encontro Amigos do R\u00e1dio 10-11\/10\/2026\" \/>\n<meta property=\"article:modified_time\" content=\"2025-10-10T08:36:26+00:00\" \/>\n<meta property=\"og:image\" content=\"https:\/\/encontroamigosdoradio.com.br\/wp-content\/uploads\/2025\/10\/gif-patrocinadores.gif\" \/>\n\t<meta property=\"og:image:width\" content=\"500\" \/>\n\t<meta property=\"og:image:height\" content=\"500\" \/>\n\t<meta property=\"og:image:type\" content=\"image\/gif\" \/>\n<meta name=\"twitter:card\" content=\"summary_large_image\" \/>\n<meta name=\"twitter:label1\" content=\"Est. tempo de leitura\" \/>\n\t<meta name=\"twitter:data1\" content=\"2 minutos\" \/>\n<script type=\"application\/ld+json\" class=\"yoast-schema-graph\">{\"@context\":\"https:\\\/\\\/schema.org\",\"@graph\":[{\"@type\":\"WebPage\",\"@id\":\"https:\\\/\\\/encontroamigosdoradio.com.br\\\/index.php\\\/como-chegar\\\/\",\"url\":\"https:\\\/\\\/encontroamigosdoradio.com.br\\\/index.php\\\/como-chegar\\\/\",\"name\":\"Como chegar - 6\u00ba Encontro Amigos do R\u00e1dio 10-11\\\/10\\\/2026\",\"isPartOf\":{\"@id\":\"https:\\\/\\\/encontroamigosdoradio.com.br\\\/#website\"},\"primaryImageOfPage\":{\"@id\":\"https:\\\/\\\/encontroamigosdoradio.com.br\\\/index.php\\\/como-chegar\\\/#primaryimage\"},\"image\":{\"@id\":\"https:\\\/\\\/encontroamigosdoradio.com.br\\\/index.php\\\/como-chegar\\\/#primaryimage\"},\"thumbnailUrl\":\"https:\\\/\\\/encontroamigosdoradio.com.br\\\/wp-content\\\/uploads\\\/2025\\\/10\\\/gif-patrocinadores.gif\",\"datePublished\":\"2024-02-19T19:21:53+00:00\",\"dateModified\":\"2025-10-10T08:36:26+00:00\",\"breadcrumb\":{\"@id\":\"https:\\\/\\\/encontroamigosdoradio.com.br\\\/index.php\\\/como-chegar\\\/#breadcrumb\"},\"inLanguage\":\"pt-BR\",\"potentialAction\":[{\"@type\":\"ReadAction\",\"target\":[\"https:\\\/\\\/encontroamigosdoradio.com.br\\\/index.php\\\/como-chegar\\\/\"]}]},{\"@type\":\"ImageObject\",\"inLanguage\":\"pt-BR\",\"@id\":\"https:\\\/\\\/encontroamigosdoradio.com.br\\\/index.php\\\/como-chegar\\\/#primaryimage\",\"url\":\"https:\\\/\\\/encontroamigosdoradio.com.br\\\/wp-content\\\/uploads\\\/2025\\\/10\\\/gif-patrocinadores.gif\",\"contentUrl\":\"https:\\\/\\\/encontroamigosdoradio.com.br\\\/wp-content\\\/uploads\\\/2025\\\/10\\\/gif-patrocinadores.gif\",\"width\":500,\"height\":500},{\"@type\":\"BreadcrumbList\",\"@id\":\"https:\\\/\\\/encontroamigosdoradio.com.br\\\/index.php\\\/como-chegar\\\/#breadcrumb\",\"itemListElement\":[{\"@type\":\"ListItem\",\"position\":1,\"name\":\"In\u00edcio\",\"item\":\"https:\\\/\\\/encontroamigosdoradio.com.br\\\/\"},{\"@type\":\"ListItem\",\"position\":2,\"name\":\"Como chegar\"}]},{\"@type\":\"WebSite\",\"@id\":\"https:\\\/\\\/encontroamigosdoradio.com.br\\\/#website\",\"url\":\"https:\\\/\\\/encontroamigosdoradio.com.br\\\/\",\"name\":\"Encontro Amigos do R\u00e1dio\",\"description\":\"Onde a paix\u00e3o vira comunica\u00e7\u00e3o e amizade vira fam\u00edlia\",\"publisher\":{\"@id\":\"https:\\\/\\\/encontroamigosdoradio.com.br\\\/#organization\"},\"potentialAction\":[{\"@type\":\"SearchAction\",\"target\":{\"@type\":\"EntryPoint\",\"urlTemplate\":\"https:\\\/\\\/encontroamigosdoradio.com.br\\\/?s={search_term_string}\"},\"query-input\":{\"@type\":\"PropertyValueSpecification\",\"valueRequired\":true,\"valueName\":\"search_term_string\"}}],\"inLanguage\":\"pt-BR\"},{\"@type\":\"Organization\",\"@id\":\"https:\\\/\\\/encontroamigosdoradio.com.br\\\/#organization\",\"name\":\"Encontro Amigos do R\u00e1dio\",\"url\":\"https:\\\/\\\/encontroamigosdoradio.com.br\\\/\",\"logo\":{\"@type\":\"ImageObject\",\"inLanguage\":\"pt-BR\",\"@id\":\"https:\\\/\\\/encontroamigosdoradio.com.br\\\/#\\\/schema\\\/logo\\\/image\\\/\",\"url\":\"https:\\\/\\\/encontroamigosdoradio.com.br\\\/wp-content\\\/uploads\\\/2025\\\/02\\\/banner1-dia12102025.png\",\"contentUrl\":\"https:\\\/\\\/encontroamigosdoradio.com.br\\\/wp-content\\\/uploads\\\/2025\\\/02\\\/banner1-dia12102025.png\",\"width\":580,\"height\":300,\"caption\":\"Encontro Amigos do R\u00e1dio\"},\"image\":{\"@id\":\"https:\\\/\\\/encontroamigosdoradio.com.br\\\/#\\\/schema\\\/logo\\\/image\\\/\"}}]}<\/script>\n<!-- \/ Yoast SEO plugin. -->","yoast_head_json":{"title":"Como chegar - 6\u00ba Encontro Amigos do R\u00e1dio 10-11\/10\/2026","robots":{"index":"index","follow":"follow","max-snippet":"max-snippet:-1","max-image-preview":"max-image-preview:large","max-video-preview":"max-video-preview:-1"},"canonical":"https:\/\/encontroamigosdoradio.com.br\/index.php\/como-chegar\/","og_locale":"pt_BR","og_type":"article","og_title":"Como chegar - 6\u00ba Encontro Amigos do R\u00e1dio 10-11\/10\/2026","og_description":"Como chegar ao local do evento aqui na cidade de Artur Nogueira, SP. GRID locator GG67KK &#8211; NO APRS Mapa do local: Caso n\u00e3o saiba como chegar via Google maps confira o Mapa da localiza\u00e7\u00e3o clique aqui Mapa usando o Waze use este link aqui Rua Monteiro Lobato, 160 Artur Nogueira, SP","og_url":"https:\/\/encontroamigosdoradio.com.br\/index.php\/como-chegar\/","og_site_name":"6\u00ba Encontro Amigos do R\u00e1dio 10-11\/10\/2026","article_modified_time":"2025-10-10T08:36:26+00:00","og_image":[{"width":500,"height":500,"url":"https:\/\/encontroamigosdoradio.com.br\/wp-content\/uploads\/2025\/10\/gif-patrocinadores.gif","type":"image\/gif"}],"twitter_card":"summary_large_image","twitter_misc":{"Est. tempo de leitura":"2 minutos"},"schema":{"@context":"https:\/\/schema.org","@graph":[{"@type":"WebPage","@id":"https:\/\/encontroamigosdoradio.com.br\/index.php\/como-chegar\/","url":"https:\/\/encontroamigosdoradio.com.br\/index.php\/como-chegar\/","name":"Como chegar - 6\u00ba Encontro Amigos do R\u00e1dio 10-11\/10\/2026","isPartOf":{"@id":"https:\/\/encontroamigosdoradio.com.br\/#website"},"primaryImageOfPage":{"@id":"https:\/\/encontroamigosdoradio.com.br\/index.php\/como-chegar\/#primaryimage"},"image":{"@id":"https:\/\/encontroamigosdoradio.com.br\/index.php\/como-chegar\/#primaryimage"},"thumbnailUrl":"https:\/\/encontroamigosdoradio.com.br\/wp-content\/uploads\/2025\/10\/gif-patrocinadores.gif","datePublished":"2024-02-19T19:21:53+00:00","dateModified":"2025-10-10T08:36:26+00:00","breadcrumb":{"@id":"https:\/\/encontroamigosdoradio.com.br\/index.php\/como-chegar\/#breadcrumb"},"inLanguage":"pt-BR","potentialAction":[{"@type":"ReadAction","target":["https:\/\/encontroamigosdoradio.com.br\/index.php\/como-chegar\/"]}]},{"@type":"ImageObject","inLanguage":"pt-BR","@id":"https:\/\/encontroamigosdoradio.com.br\/index.php\/como-chegar\/#primaryimage","url":"https:\/\/encontroamigosdoradio.com.br\/wp-content\/uploads\/2025\/10\/gif-patrocinadores.gif","contentUrl":"https:\/\/encontroamigosdoradio.com.br\/wp-content\/uploads\/2025\/10\/gif-patrocinadores.gif","width":500,"height":500},{"@type":"BreadcrumbList","@id":"https:\/\/encontroamigosdoradio.com.br\/index.php\/como-chegar\/#breadcrumb","itemListElement":[{"@type":"ListItem","position":1,"name":"In\u00edcio","item":"https:\/\/encontroamigosdoradio.com.br\/"},{"@type":"ListItem","position":2,"name":"Como chegar"}]},{"@type":"WebSite","@id":"https:\/\/encontroamigosdoradio.com.br\/#website","url":"https:\/\/encontroamigosdoradio.com.br\/","name":"Encontro Amigos do R\u00e1dio","description":"Onde a paix\u00e3o vira comunica\u00e7\u00e3o e amizade vira fam\u00edlia","publisher":{"@id":"https:\/\/encontroamigosdoradio.com.br\/#organization"},"potentialAction":[{"@type":"SearchAction","target":{"@type":"EntryPoint","urlTemplate":"https:\/\/encontroamigosdoradio.com.br\/?s={search_term_string}"},"query-input":{"@type":"PropertyValueSpecification","valueRequired":true,"valueName":"search_term_string"}}],"inLanguage":"pt-BR"},{"@type":"Organization","@id":"https:\/\/encontroamigosdoradio.com.br\/#organization","name":"Encontro Amigos do R\u00e1dio","url":"https:\/\/encontroamigosdoradio.com.br\/","logo":{"@type":"ImageObject","inLanguage":"pt-BR","@id":"https:\/\/encontroamigosdoradio.com.br\/#\/schema\/logo\/image\/","url":"https:\/\/encontroamigosdoradio.com.br\/wp-content\/uploads\/2025\/02\/banner1-dia12102025.png","contentUrl":"https:\/\/encontroamigosdoradio.com.br\/wp-content\/uploads\/2025\/02\/banner1-dia12102025.png","width":580,"height":300,"caption":"Encontro Amigos do R\u00e1dio"},"image":{"@id":"https:\/\/encontroamigosdoradio.com.br\/#\/schema\/logo\/image\/"}}]}},"_links":{"self":[{"href":"https:\/\/encontroamigosdoradio.com.br\/index.php\/wp-json\/wp\/v2\/pages\/18","targetHints":{"allow":["GET"]}}],"collection":[{"href":"https:\/\/encontroamigosdoradio.com.br\/index.php\/wp-json\/wp\/v2\/pages"}],"about":[{"href":"https:\/\/encontroamigosdoradio.com.br\/index.php\/wp-json\/wp\/v2\/types\/page"}],"author":[{"embeddable":true,"href":"https:\/\/encontroamigosdoradio.com.br\/index.php\/wp-json\/wp\/v2\/users\/1"}],"replies":[{"embeddable":true,"href":"https:\/\/encontroamigosdoradio.com.br\/index.php\/wp-json\/wp\/v2\/comments?post=18"}],"version-history":[{"count":13,"href":"https:\/\/encontroamigosdoradio.com.br\/index.php\/wp-json\/wp\/v2\/pages\/18\/revisions"}],"predecessor-version":[{"id":880,"href":"https:\/\/encontroamigosdoradio.com.br\/index.php\/wp-json\/wp\/v2\/pages\/18\/revisions\/880"}],"wp:attachment":[{"href":"https:\/\/encontroamigosdoradio.com.br\/index.php\/wp-json\/wp\/v2\/media?parent=18"}],"curies":[{"name":"wp","href":"https:\/\/api.w.org\/{rel}","templated":true}]}}