{"id":58,"date":"2024-05-20T17:35:33","date_gmt":"2024-05-20T20:35:33","guid":{"rendered":"https:\/\/encontroamigosdoradio.com.br\/?page_id=58"},"modified":"2025-09-16T07:32:31","modified_gmt":"2025-09-16T10:32:31","slug":"turismo","status":"publish","type":"page","link":"https:\/\/encontroamigosdoradio.com.br\/index.php\/turismo\/","title":{"rendered":"Turismo"},"content":{"rendered":"\n<figure class=\"wp-block-image size-full is-resized\"><img loading=\"lazy\" decoding=\"async\" width=\"273\" height=\"358\" src=\"https:\/\/encontroamigosdoradio.com.br\/wp-content\/uploads\/2025\/09\/image-4.png\" alt=\"\" class=\"wp-image-589\" style=\"width:343px;height:auto\" srcset=\"https:\/\/encontroamigosdoradio.com.br\/wp-content\/uploads\/2025\/09\/image-4.png 273w, https:\/\/encontroamigosdoradio.com.br\/wp-content\/uploads\/2025\/09\/image-4-229x300.png 229w\" sizes=\"auto, (max-width: 273px) 100vw, 273px\" \/><\/figure>\n\n\n\n<figure class=\"wp-block-image size-full\"><img loading=\"lazy\" decoding=\"async\" width=\"849\" height=\"420\" src=\"https:\/\/encontroamigosdoradio.com.br\/wp-content\/uploads\/2025\/09\/image.png\" alt=\"\" class=\"wp-image-581\" srcset=\"https:\/\/encontroamigosdoradio.com.br\/wp-content\/uploads\/2025\/09\/image.png 849w, https:\/\/encontroamigosdoradio.com.br\/wp-content\/uploads\/2025\/09\/image-300x148.png 300w, https:\/\/encontroamigosdoradio.com.br\/wp-content\/uploads\/2025\/09\/image-768x380.png 768w\" sizes=\"auto, (max-width: 849px) 100vw, 849px\" \/><\/figure>\n\n\n\n<p>Pr\u00f3ximo a Artur Nogueira, SP apresentamos algumas op\u00e7\u00f5es de cidades turisticas que voc\u00ea pode aproveitar antes do evento.<\/p>\n\n\n\n<figure class=\"wp-block-image size-full\"><img loading=\"lazy\" decoding=\"async\" width=\"750\" height=\"497\" src=\"https:\/\/encontroamigosdoradio.com.br\/wp-content\/uploads\/2025\/09\/image-1.png\" alt=\"\" class=\"wp-image-582\" srcset=\"https:\/\/encontroamigosdoradio.com.br\/wp-content\/uploads\/2025\/09\/image-1.png 750w, https:\/\/encontroamigosdoradio.com.br\/wp-content\/uploads\/2025\/09\/image-1-300x199.png 300w\" sizes=\"auto, (max-width: 750px) 100vw, 750px\" \/><\/figure>\n\n\n\n<p>Site e mapa turismos de <a href=\"http:\/\/srv178.teste.website\/~modeloarturnogue\/turismo\/\">Artur Nogueira acesse aqui <\/a><\/p>\n\n\n\n<p>Atrativos <a href=\"http:\/\/srv178.teste.website\/~modeloarturnogue\/turismo\/atrativos-rurais\/\">rurais de Artur Nogueira<\/a><\/p>\n\n\n\n<p>Atrativos do <a href=\"http:\/\/srv178.teste.website\/~modeloarturnogue\/turismo\/atrativos-do-municipio\/\">Munic\u00edpio de Artur Nogueira<\/a><\/p>\n\n\n\n<figure class=\"wp-block-image size-full\"><img loading=\"lazy\" decoding=\"async\" width=\"523\" height=\"679\" src=\"https:\/\/encontroamigosdoradio.com.br\/wp-content\/uploads\/2025\/09\/image-2.png\" alt=\"\" class=\"wp-image-587\" srcset=\"https:\/\/encontroamigosdoradio.com.br\/wp-content\/uploads\/2025\/09\/image-2.png 523w, https:\/\/encontroamigosdoradio.com.br\/wp-content\/uploads\/2025\/09\/image-2-231x300.png 231w\" sizes=\"auto, (max-width: 523px) 100vw, 523px\" \/><\/figure>\n\n\n\n<figure class=\"wp-block-image size-full\"><img loading=\"lazy\" decoding=\"async\" width=\"523\" height=\"674\" src=\"https:\/\/encontroamigosdoradio.com.br\/wp-content\/uploads\/2025\/09\/image-3.png\" alt=\"\" class=\"wp-image-588\" srcset=\"https:\/\/encontroamigosdoradio.com.br\/wp-content\/uploads\/2025\/09\/image-3.png 523w, https:\/\/encontroamigosdoradio.com.br\/wp-content\/uploads\/2025\/09\/image-3-233x300.png 233w\" sizes=\"auto, (max-width: 523px) 100vw, 523px\" \/><\/figure>\n\n\n\n<p><strong>Confira abaixo:<\/strong><\/p>\n\n\n\n<p><\/p>\n\n\n\n<p><strong>HOLAMBRA-SP \u2013 13 km<\/strong><\/p>\n\n\n\n<figure class=\"wp-block-image size-large\"><img decoding=\"async\" src=\"https:\/\/encontrodopastel.py2ve.com\/wp-content\/uploads\/2023\/08\/image-3.png\" alt=\"\"\/><\/figure>\n\n\n\n<p>Mapa&nbsp;<a href=\"https:\/\/goo.gl\/maps\/asNGh7DQW7USN5Qi8\">https:\/\/goo.gl\/maps\/asNGh7DQW7USN5Qi8<\/a><\/p>\n\n\n\n<p>Pontos turisticos em Holambra,&nbsp;<a href=\"https:\/\/www.tripadvisor.com.br\/Attractions-g2572355-Activities-Holambra_State_of_Sao_Paulo.html\">https:\/\/www.tripadvisor.com.br\/Attractions-g2572355-Activities-Holambra_State_of_Sao_Paulo.html<\/a><\/p>\n\n\n\n<figure class=\"wp-block-image size-large\"><img decoding=\"async\" src=\"https:\/\/encontrodopastel.py2ve.com\/wp-content\/uploads\/2023\/08\/image-4.png\" alt=\"\"\/><\/figure>\n\n\n\n<hr class=\"wp-block-separator has-alpha-channel-opacity\"\/>\n\n\n\n<p><strong>SERRA NEGRA-SP \u2013 77 km<\/strong><\/p>\n\n\n\n<figure class=\"wp-block-image size-large is-resized\"><img decoding=\"async\" src=\"https:\/\/encontrodopastel.py2ve.com\/wp-content\/uploads\/2023\/08\/image-5-1024x469.png\" alt=\"\" style=\"width:792px;height:auto\"\/><\/figure>\n\n\n\n<p>Mapa&nbsp;<a href=\"https:\/\/goo.gl\/maps\/pPvt8ZMoMgLLSuQ17\">https:\/\/goo.gl\/maps\/pPvt8ZMoMgLLSuQ17<\/a><\/p>\n\n\n\n<p>O que fazer em Serra Negra \u2013&nbsp;<a href=\"https:\/\/www.tripadvisor.com.br\/Attractions-g675020-Activities-Serra_Negra_State_of_Sao_Paulo.html\">https:\/\/www.tripadvisor.com.br\/Attractions-g675020-Activities-Serra_Negra_State_of_Sao_Paulo.html<\/a><\/p>\n\n\n\n<figure class=\"wp-block-image size-large\"><img decoding=\"async\" src=\"https:\/\/encontrodopastel.py2ve.com\/wp-content\/uploads\/2023\/08\/image-6.png\" alt=\"\"\/><\/figure>\n\n\n\n<hr class=\"wp-block-separator has-alpha-channel-opacity\"\/>\n\n\n\n<p><strong>PEDREIRA-SP<\/strong>&nbsp;<strong>\u2013 43 km<\/strong><\/p>\n\n\n\n<figure class=\"wp-block-image size-large is-resized\"><img decoding=\"async\" src=\"https:\/\/encontrodopastel.py2ve.com\/wp-content\/uploads\/2023\/08\/image-7.png\" alt=\"\" style=\"width:751px;height:auto\"\/><\/figure>\n\n\n\n<p>Mapa&nbsp;<a href=\"https:\/\/goo.gl\/maps\/qv9ZyJoRwZX6S5rJ6\">https:\/\/goo.gl\/maps\/qv9ZyJoRwZX6S5rJ6<\/a><\/p>\n\n\n\n<p>O que fazer em Pedreira,&nbsp;<a href=\"https:\/\/www.tripadvisor.com.br\/Attractions-g2346605-Activities-Pedreira_State_of_Sao_Paulo.html\">https:\/\/www.tripadvisor.com.br\/Attractions-g2346605-Activities-Pedreira_State_of_Sao_Paulo.html<\/a><\/p>\n\n\n\n<figure class=\"wp-block-image size-large\"><img decoding=\"async\" src=\"https:\/\/encontrodopastel.py2ve.com\/wp-content\/uploads\/2023\/08\/image-10.png\" alt=\"\"\/><\/figure>\n\n\n\n<hr class=\"wp-block-separator has-alpha-channel-opacity\"\/>\n\n\n\n<p><strong>MONTE SI\u00c3O-MG<\/strong>&nbsp;<strong>\u2013 78 km<\/strong><\/p>\n\n\n\n<figure class=\"wp-block-image size-large\"><img decoding=\"async\" src=\"https:\/\/encontrodopastel.py2ve.com\/wp-content\/uploads\/2023\/08\/image-8-1024x489.png\" alt=\"\"\/><\/figure>\n\n\n\n<p>Mapa&nbsp;<a href=\"https:\/\/goo.gl\/maps\/9QmUPJWzxeVt2N8f6\">https:\/\/goo.gl\/maps\/9QmUPJWzxeVt2N8f6<\/a><\/p>\n\n\n\n<p>O que fazer em Monte Si\u00e3o,&nbsp;<a href=\"https:\/\/www.tripadvisor.com.br\/Attractions-g2305631-Activities-Monte_Siao_State_of_Minas_Gerais.html\">https:\/\/www.tripadvisor.com.br\/Attractions-g2305631-Activities-Monte_Siao_State_of_Minas_Gerais.html<\/a><\/p>\n\n\n\n<figure class=\"wp-block-image size-large\"><img decoding=\"async\" src=\"https:\/\/encontrodopastel.py2ve.com\/wp-content\/uploads\/2023\/08\/image-11.png\" alt=\"\"\/><\/figure>\n\n\n\n<hr class=\"wp-block-separator has-alpha-channel-opacity\"\/>\n\n\n\n<p><strong>CAMPINAS-SP<\/strong>&nbsp;<strong>\u2013 47 km<\/strong><\/p>\n\n\n\n<figure class=\"wp-block-image size-large\"><img decoding=\"async\" src=\"https:\/\/encontrodopastel.py2ve.com\/wp-content\/uploads\/2023\/08\/image-9.png\" alt=\"\"\/><\/figure>\n\n\n\n<p>Mapa&nbsp;<a href=\"https:\/\/goo.gl\/maps\/CDj1yqTVQotgY5ZYA\">https:\/\/goo.gl\/maps\/CDj1yqTVQotgY5ZYA<\/a><\/p>\n\n\n\n<p>O que fazer em Campinas,&nbsp;<a href=\"https:\/\/www.tripadvisor.com.br\/Attractions-g303605-Activities-Campinas_State_of_Sao_Paulo.html\">https:\/\/www.tripadvisor.com.br\/Attractions-g303605-Activities-Campinas_State_of_Sao_Paulo.html<\/a><\/p>\n\n\n\n<figure class=\"wp-block-image size-large is-resized\"><img decoding=\"async\" src=\"https:\/\/encontrodopastel.py2ve.com\/wp-content\/uploads\/2023\/08\/image-12.png\" alt=\"\" style=\"width:841px;height:auto\"\/><\/figure>\n\n\n\n<p><\/p>\n\n\n\n<p><\/p>\n\n\n<div class=\"wp-block-post-author\"><div class=\"wp-block-post-author__avatar\"><img alt='' src='https:\/\/secure.gravatar.com\/avatar\/75203a53777d93c2944e43b42c5c0182dcdfd065132431fdb6476d9ace333e73?s=48&#038;d=mm&#038;r=g' srcset='https:\/\/secure.gravatar.com\/avatar\/75203a53777d93c2944e43b42c5c0182dcdfd065132431fdb6476d9ace333e73?s=96&#038;d=mm&#038;r=g 2x' class='avatar avatar-48 photo' height='48' width='48' \/><\/div><div class=\"wp-block-post-author__content\"><p class=\"wp-block-post-author__name\">Rubens Zolotujin<\/p><\/div><\/div>\n\n<div class=\"wp-block-post-author-biography\">Rubens Zolotujin \u00e9 verdadeiramente um indiv\u00edduo not\u00e1vel que combina uma profunda paix\u00e3o por radioamadorismo, vasto conhecimento em tecnologia e cyberseguran\u00e7a, al\u00e9m de uma sede insaci\u00e1vel por aprender e viajar. Seu comprometimento com o aprimoramento pessoal e a explora\u00e7\u00e3o do mundo fazem dele uma figura inspiradora e respeitada em sua comunidade e al\u00e9m.<\/div>\n\n\n<p><\/p>\n\n\n\n<p><\/p>\n","protected":false},"excerpt":{"rendered":"<p>Pr\u00f3ximo a Artur Nogueira, SP apresentamos algumas op\u00e7\u00f5es de cidades turisticas que voc\u00ea pode aproveitar antes do evento. Site e mapa turismos de Artur Nogueira acesse aqui Atrativos rurais de Artur Nogueira Atrativos do Munic\u00edpio de Artur Nogueira Confira abaixo: HOLAMBRA-SP \u2013 13 km Mapa&nbsp;https:\/\/goo.gl\/maps\/asNGh7DQW7USN5Qi8 Pontos turisticos em Holambra,&nbsp;https:\/\/www.tripadvisor.com.br\/Attractions-g2572355-Activities-Holambra_State_of_Sao_Paulo.html SERRA NEGRA-SP \u2013 77 km Mapa&nbsp;https:\/\/goo.gl\/maps\/pPvt8ZMoMgLLSuQ17 [&hellip;]<\/p>\n","protected":false},"author":1,"featured_media":585,"parent":0,"menu_order":0,"comment_status":"closed","ping_status":"closed","template":"","meta":{"footnotes":""},"class_list":["post-58","page","type-page","status-publish","has-post-thumbnail","hentry"],"yoast_head":"<!-- This site is optimized with the Yoast SEO plugin v27.4 - https:\/\/yoast.com\/product\/yoast-seo-wordpress\/ -->\n<title>Turismo - 6\u00ba Encontro Amigos do R\u00e1dio 10-11\/10\/2026<\/title>\n<meta name=\"robots\" content=\"index, follow, max-snippet:-1, max-image-preview:large, max-video-preview:-1\" \/>\n<link rel=\"canonical\" href=\"https:\/\/encontroamigosdoradio.com.br\/index.php\/turismo\/\" \/>\n<meta property=\"og:locale\" content=\"pt_BR\" \/>\n<meta property=\"og:type\" content=\"article\" \/>\n<meta property=\"og:title\" content=\"Turismo - 6\u00ba Encontro Amigos do R\u00e1dio 10-11\/10\/2026\" \/>\n<meta property=\"og:description\" content=\"Pr\u00f3ximo a Artur Nogueira, SP apresentamos algumas op\u00e7\u00f5es de cidades turisticas que voc\u00ea pode aproveitar antes do evento. Site e mapa turismos de Artur Nogueira acesse aqui Atrativos rurais de Artur Nogueira Atrativos do Munic\u00edpio de Artur Nogueira Confira abaixo: HOLAMBRA-SP \u2013 13 km Mapa&nbsp;https:\/\/goo.gl\/maps\/asNGh7DQW7USN5Qi8 Pontos turisticos em Holambra,&nbsp;https:\/\/www.tripadvisor.com.br\/Attractions-g2572355-Activities-Holambra_State_of_Sao_Paulo.html SERRA NEGRA-SP \u2013 77 km Mapa&nbsp;https:\/\/goo.gl\/maps\/pPvt8ZMoMgLLSuQ17 [&hellip;]\" \/>\n<meta property=\"og:url\" content=\"https:\/\/encontroamigosdoradio.com.br\/index.php\/turismo\/\" \/>\n<meta property=\"og:site_name\" content=\"6\u00ba Encontro Amigos do R\u00e1dio 10-11\/10\/2026\" \/>\n<meta property=\"article:modified_time\" content=\"2025-09-16T10:32:31+00:00\" \/>\n<meta property=\"og:image\" content=\"https:\/\/encontroamigosdoradio.com.br\/wp-content\/uploads\/2025\/09\/turismo2.png\" \/>\n\t<meta property=\"og:image:width\" content=\"580\" \/>\n\t<meta property=\"og:image:height\" content=\"300\" \/>\n\t<meta property=\"og:image:type\" content=\"image\/png\" \/>\n<meta name=\"twitter:card\" content=\"summary_large_image\" \/>\n<meta name=\"twitter:label1\" content=\"Est. tempo de leitura\" \/>\n\t<meta name=\"twitter:data1\" content=\"4 minutos\" \/>\n<script type=\"application\/ld+json\" class=\"yoast-schema-graph\">{\"@context\":\"https:\\\/\\\/schema.org\",\"@graph\":[{\"@type\":\"WebPage\",\"@id\":\"https:\\\/\\\/encontroamigosdoradio.com.br\\\/index.php\\\/turismo\\\/\",\"url\":\"https:\\\/\\\/encontroamigosdoradio.com.br\\\/index.php\\\/turismo\\\/\",\"name\":\"Turismo - 6\u00ba Encontro Amigos do R\u00e1dio 10-11\\\/10\\\/2026\",\"isPartOf\":{\"@id\":\"https:\\\/\\\/encontroamigosdoradio.com.br\\\/#website\"},\"primaryImageOfPage\":{\"@id\":\"https:\\\/\\\/encontroamigosdoradio.com.br\\\/index.php\\\/turismo\\\/#primaryimage\"},\"image\":{\"@id\":\"https:\\\/\\\/encontroamigosdoradio.com.br\\\/index.php\\\/turismo\\\/#primaryimage\"},\"thumbnailUrl\":\"https:\\\/\\\/encontroamigosdoradio.com.br\\\/wp-content\\\/uploads\\\/2025\\\/09\\\/turismo2.png\",\"datePublished\":\"2024-05-20T20:35:33+00:00\",\"dateModified\":\"2025-09-16T10:32:31+00:00\",\"breadcrumb\":{\"@id\":\"https:\\\/\\\/encontroamigosdoradio.com.br\\\/index.php\\\/turismo\\\/#breadcrumb\"},\"inLanguage\":\"pt-BR\",\"potentialAction\":[{\"@type\":\"ReadAction\",\"target\":[\"https:\\\/\\\/encontroamigosdoradio.com.br\\\/index.php\\\/turismo\\\/\"]}]},{\"@type\":\"ImageObject\",\"inLanguage\":\"pt-BR\",\"@id\":\"https:\\\/\\\/encontroamigosdoradio.com.br\\\/index.php\\\/turismo\\\/#primaryimage\",\"url\":\"https:\\\/\\\/encontroamigosdoradio.com.br\\\/wp-content\\\/uploads\\\/2025\\\/09\\\/turismo2.png\",\"contentUrl\":\"https:\\\/\\\/encontroamigosdoradio.com.br\\\/wp-content\\\/uploads\\\/2025\\\/09\\\/turismo2.png\",\"width\":580,\"height\":300},{\"@type\":\"BreadcrumbList\",\"@id\":\"https:\\\/\\\/encontroamigosdoradio.com.br\\\/index.php\\\/turismo\\\/#breadcrumb\",\"itemListElement\":[{\"@type\":\"ListItem\",\"position\":1,\"name\":\"In\u00edcio\",\"item\":\"https:\\\/\\\/encontroamigosdoradio.com.br\\\/\"},{\"@type\":\"ListItem\",\"position\":2,\"name\":\"Turismo\"}]},{\"@type\":\"WebSite\",\"@id\":\"https:\\\/\\\/encontroamigosdoradio.com.br\\\/#website\",\"url\":\"https:\\\/\\\/encontroamigosdoradio.com.br\\\/\",\"name\":\"Encontro Amigos do R\u00e1dio\",\"description\":\"Onde a paix\u00e3o vira comunica\u00e7\u00e3o e amizade vira fam\u00edlia\",\"publisher\":{\"@id\":\"https:\\\/\\\/encontroamigosdoradio.com.br\\\/#organization\"},\"potentialAction\":[{\"@type\":\"SearchAction\",\"target\":{\"@type\":\"EntryPoint\",\"urlTemplate\":\"https:\\\/\\\/encontroamigosdoradio.com.br\\\/?s={search_term_string}\"},\"query-input\":{\"@type\":\"PropertyValueSpecification\",\"valueRequired\":true,\"valueName\":\"search_term_string\"}}],\"inLanguage\":\"pt-BR\"},{\"@type\":\"Organization\",\"@id\":\"https:\\\/\\\/encontroamigosdoradio.com.br\\\/#organization\",\"name\":\"Encontro Amigos do R\u00e1dio\",\"url\":\"https:\\\/\\\/encontroamigosdoradio.com.br\\\/\",\"logo\":{\"@type\":\"ImageObject\",\"inLanguage\":\"pt-BR\",\"@id\":\"https:\\\/\\\/encontroamigosdoradio.com.br\\\/#\\\/schema\\\/logo\\\/image\\\/\",\"url\":\"https:\\\/\\\/encontroamigosdoradio.com.br\\\/wp-content\\\/uploads\\\/2025\\\/02\\\/banner1-dia12102025.png\",\"contentUrl\":\"https:\\\/\\\/encontroamigosdoradio.com.br\\\/wp-content\\\/uploads\\\/2025\\\/02\\\/banner1-dia12102025.png\",\"width\":580,\"height\":300,\"caption\":\"Encontro Amigos do R\u00e1dio\"},\"image\":{\"@id\":\"https:\\\/\\\/encontroamigosdoradio.com.br\\\/#\\\/schema\\\/logo\\\/image\\\/\"}}]}<\/script>\n<!-- \/ Yoast SEO plugin. -->","yoast_head_json":{"title":"Turismo - 6\u00ba Encontro Amigos do R\u00e1dio 10-11\/10\/2026","robots":{"index":"index","follow":"follow","max-snippet":"max-snippet:-1","max-image-preview":"max-image-preview:large","max-video-preview":"max-video-preview:-1"},"canonical":"https:\/\/encontroamigosdoradio.com.br\/index.php\/turismo\/","og_locale":"pt_BR","og_type":"article","og_title":"Turismo - 6\u00ba Encontro Amigos do R\u00e1dio 10-11\/10\/2026","og_description":"Pr\u00f3ximo a Artur Nogueira, SP apresentamos algumas op\u00e7\u00f5es de cidades turisticas que voc\u00ea pode aproveitar antes do evento. Site e mapa turismos de Artur Nogueira acesse aqui Atrativos rurais de Artur Nogueira Atrativos do Munic\u00edpio de Artur Nogueira Confira abaixo: HOLAMBRA-SP \u2013 13 km Mapa&nbsp;https:\/\/goo.gl\/maps\/asNGh7DQW7USN5Qi8 Pontos turisticos em Holambra,&nbsp;https:\/\/www.tripadvisor.com.br\/Attractions-g2572355-Activities-Holambra_State_of_Sao_Paulo.html SERRA NEGRA-SP \u2013 77 km Mapa&nbsp;https:\/\/goo.gl\/maps\/pPvt8ZMoMgLLSuQ17 [&hellip;]","og_url":"https:\/\/encontroamigosdoradio.com.br\/index.php\/turismo\/","og_site_name":"6\u00ba Encontro Amigos do R\u00e1dio 10-11\/10\/2026","article_modified_time":"2025-09-16T10:32:31+00:00","og_image":[{"width":580,"height":300,"url":"https:\/\/encontroamigosdoradio.com.br\/wp-content\/uploads\/2025\/09\/turismo2.png","type":"image\/png"}],"twitter_card":"summary_large_image","twitter_misc":{"Est. tempo de leitura":"4 minutos"},"schema":{"@context":"https:\/\/schema.org","@graph":[{"@type":"WebPage","@id":"https:\/\/encontroamigosdoradio.com.br\/index.php\/turismo\/","url":"https:\/\/encontroamigosdoradio.com.br\/index.php\/turismo\/","name":"Turismo - 6\u00ba Encontro Amigos do R\u00e1dio 10-11\/10\/2026","isPartOf":{"@id":"https:\/\/encontroamigosdoradio.com.br\/#website"},"primaryImageOfPage":{"@id":"https:\/\/encontroamigosdoradio.com.br\/index.php\/turismo\/#primaryimage"},"image":{"@id":"https:\/\/encontroamigosdoradio.com.br\/index.php\/turismo\/#primaryimage"},"thumbnailUrl":"https:\/\/encontroamigosdoradio.com.br\/wp-content\/uploads\/2025\/09\/turismo2.png","datePublished":"2024-05-20T20:35:33+00:00","dateModified":"2025-09-16T10:32:31+00:00","breadcrumb":{"@id":"https:\/\/encontroamigosdoradio.com.br\/index.php\/turismo\/#breadcrumb"},"inLanguage":"pt-BR","potentialAction":[{"@type":"ReadAction","target":["https:\/\/encontroamigosdoradio.com.br\/index.php\/turismo\/"]}]},{"@type":"ImageObject","inLanguage":"pt-BR","@id":"https:\/\/encontroamigosdoradio.com.br\/index.php\/turismo\/#primaryimage","url":"https:\/\/encontroamigosdoradio.com.br\/wp-content\/uploads\/2025\/09\/turismo2.png","contentUrl":"https:\/\/encontroamigosdoradio.com.br\/wp-content\/uploads\/2025\/09\/turismo2.png","width":580,"height":300},{"@type":"BreadcrumbList","@id":"https:\/\/encontroamigosdoradio.com.br\/index.php\/turismo\/#breadcrumb","itemListElement":[{"@type":"ListItem","position":1,"name":"In\u00edcio","item":"https:\/\/encontroamigosdoradio.com.br\/"},{"@type":"ListItem","position":2,"name":"Turismo"}]},{"@type":"WebSite","@id":"https:\/\/encontroamigosdoradio.com.br\/#website","url":"https:\/\/encontroamigosdoradio.com.br\/","name":"Encontro Amigos do R\u00e1dio","description":"Onde a paix\u00e3o vira comunica\u00e7\u00e3o e amizade vira fam\u00edlia","publisher":{"@id":"https:\/\/encontroamigosdoradio.com.br\/#organization"},"potentialAction":[{"@type":"SearchAction","target":{"@type":"EntryPoint","urlTemplate":"https:\/\/encontroamigosdoradio.com.br\/?s={search_term_string}"},"query-input":{"@type":"PropertyValueSpecification","valueRequired":true,"valueName":"search_term_string"}}],"inLanguage":"pt-BR"},{"@type":"Organization","@id":"https:\/\/encontroamigosdoradio.com.br\/#organization","name":"Encontro Amigos do R\u00e1dio","url":"https:\/\/encontroamigosdoradio.com.br\/","logo":{"@type":"ImageObject","inLanguage":"pt-BR","@id":"https:\/\/encontroamigosdoradio.com.br\/#\/schema\/logo\/image\/","url":"https:\/\/encontroamigosdoradio.com.br\/wp-content\/uploads\/2025\/02\/banner1-dia12102025.png","contentUrl":"https:\/\/encontroamigosdoradio.com.br\/wp-content\/uploads\/2025\/02\/banner1-dia12102025.png","width":580,"height":300,"caption":"Encontro Amigos do R\u00e1dio"},"image":{"@id":"https:\/\/encontroamigosdoradio.com.br\/#\/schema\/logo\/image\/"}}]}},"_links":{"self":[{"href":"https:\/\/encontroamigosdoradio.com.br\/index.php\/wp-json\/wp\/v2\/pages\/58","targetHints":{"allow":["GET"]}}],"collection":[{"href":"https:\/\/encontroamigosdoradio.com.br\/index.php\/wp-json\/wp\/v2\/pages"}],"about":[{"href":"https:\/\/encontroamigosdoradio.com.br\/index.php\/wp-json\/wp\/v2\/types\/page"}],"author":[{"embeddable":true,"href":"https:\/\/encontroamigosdoradio.com.br\/index.php\/wp-json\/wp\/v2\/users\/1"}],"replies":[{"embeddable":true,"href":"https:\/\/encontroamigosdoradio.com.br\/index.php\/wp-json\/wp\/v2\/comments?post=58"}],"version-history":[{"count":12,"href":"https:\/\/encontroamigosdoradio.com.br\/index.php\/wp-json\/wp\/v2\/pages\/58\/revisions"}],"predecessor-version":[{"id":590,"href":"https:\/\/encontroamigosdoradio.com.br\/index.php\/wp-json\/wp\/v2\/pages\/58\/revisions\/590"}],"wp:featuredmedia":[{"embeddable":true,"href":"https:\/\/encontroamigosdoradio.com.br\/index.php\/wp-json\/wp\/v2\/media\/585"}],"wp:attachment":[{"href":"https:\/\/encontroamigosdoradio.com.br\/index.php\/wp-json\/wp\/v2\/media?parent=58"}],"curies":[{"name":"wp","href":"https:\/\/api.w.org\/{rel}","templated":true}]}}