{"id":668,"date":"2025-09-19T11:10:11","date_gmt":"2025-09-19T14:10:11","guid":{"rendered":"https:\/\/encontroamigosdoradio.com.br\/?page_id=668"},"modified":"2025-10-06T06:11:21","modified_gmt":"2025-10-06T09:11:21","slug":"videos","status":"publish","type":"page","link":"https:\/\/encontroamigosdoradio.com.br\/index.php\/videos\/","title":{"rendered":"V\u00eddeos"},"content":{"rendered":"<div class=\"wp-block-image\">\n<figure class=\"aligncenter size-full\"><img loading=\"lazy\" decoding=\"async\" width=\"580\" height=\"300\" src=\"https:\/\/encontroamigosdoradio.com.br\/wp-content\/uploads\/2025\/09\/videos.png\" alt=\"Confira aqui os v\u00eddeos preparados sobre nosso evento com dicas \u00fateis e informa\u00e7\u00f5es relevantes\" class=\"wp-image-669\" srcset=\"https:\/\/encontroamigosdoradio.com.br\/wp-content\/uploads\/2025\/09\/videos.png 580w, https:\/\/encontroamigosdoradio.com.br\/wp-content\/uploads\/2025\/09\/videos-300x155.png 300w\" sizes=\"auto, (max-width: 580px) 100vw, 580px\" \/><\/figure>\n<\/div>\n\n\n<p><\/p>\n\n\n\n<p>APOIO<br><\/p>\n\n\n<div class=\"wp-block-image\">\n<figure class=\"aligncenter size-full is-resized\"><img loading=\"lazy\" decoding=\"async\" width=\"500\" height=\"500\" src=\"https:\/\/encontroamigosdoradio.com.br\/wp-content\/uploads\/2025\/10\/gif-patrocinadores.gif\" alt=\"\" class=\"wp-image-778\" style=\"width:217px;height:auto\"\/><\/figure>\n<\/div>\n\n\n<p><\/p>\n\n\n\n<p><strong>Apoio social ao AIDAN &#8211; traga sua contribui\u00e7\u00e3o e concorra a diversos brindes da feira e de apoiadores.<\/strong><\/p>\n\n\n\n<figure class=\"wp-block-embed is-type-video is-provider-youtube wp-block-embed-youtube wp-embed-aspect-16-9 wp-has-aspect-ratio\"><div class=\"wp-block-embed__wrapper\">\n<iframe loading=\"lazy\" title=\"Voc\u00ea est\u00e1 preparado, doa\u00e7\u00f5es ao AIDAN 12\/10\/2025 Artur Nogueira SP e concorra a pr\u00eamios da feira\" width=\"640\" height=\"360\" src=\"https:\/\/www.youtube.com\/embed\/y7FQJI_yGbg?feature=oembed\" frameborder=\"0\" allow=\"accelerometer; autoplay; clipboard-write; encrypted-media; gyroscope; picture-in-picture; web-share\" referrerpolicy=\"strict-origin-when-cross-origin\" allowfullscreen><\/iframe>\n<\/div><\/figure>\n\n\n\n<p><strong>Convite importante direto de Artur Nogueira SP pra todos os radiamadores e entusiastas<\/strong><\/p>\n\n\n\n<figure class=\"wp-block-embed is-type-video is-provider-youtube wp-block-embed-youtube wp-embed-aspect-16-9 wp-has-aspect-ratio\"><div class=\"wp-block-embed__wrapper\">\n<iframe loading=\"lazy\" title=\"Desde Artur Nogueira para voc\u00ea amigo radioamador 12\/10 nosso encontro\" width=\"640\" height=\"360\" src=\"https:\/\/www.youtube.com\/embed\/SQHYJl1mOJ8?feature=oembed\" frameborder=\"0\" allow=\"accelerometer; autoplay; clipboard-write; encrypted-media; gyroscope; picture-in-picture; web-share\" referrerpolicy=\"strict-origin-when-cross-origin\" allowfullscreen><\/iframe>\n<\/div><\/figure>\n\n\n\n<p><strong>Dicas sobre o encontro muito importantes, monte sua esta\u00e7\u00e3o e uso todo o espa\u00e7o dispon\u00edvel<\/strong><\/p>\n\n\n\n<figure class=\"wp-block-embed is-type-video is-provider-youtube wp-block-embed-youtube wp-embed-aspect-16-9 wp-has-aspect-ratio\"><div class=\"wp-block-embed__wrapper\">\n<iframe loading=\"lazy\" title=\"Dicas sobre local do 5\u00b0 Encontro Amigos do R\u00e1dio, apoio social e mais\" width=\"640\" height=\"360\" src=\"https:\/\/www.youtube.com\/embed\/chwupK1_LUk?feature=oembed\" frameborder=\"0\" allow=\"accelerometer; autoplay; clipboard-write; encrypted-media; gyroscope; picture-in-picture; web-share\" referrerpolicy=\"strict-origin-when-cross-origin\" allowfullscreen><\/iframe>\n<\/div><\/figure>\n\n\n\n<p><strong>Convite e informa\u00e7\u00f5es sobre doa\u00e7\u00f5es, motorhome, agenda de eventos, programa\u00e7\u00e3o.<\/strong><\/p>\n\n\n\n<figure class=\"wp-block-embed is-type-video is-provider-youtube wp-block-embed-youtube wp-embed-aspect-16-9 wp-has-aspect-ratio\"><div class=\"wp-block-embed__wrapper\">\n<iframe loading=\"lazy\" title=\"Grava\u00e7\u00e3o no local do encontro com mais informa\u00e7\u00f5es e novidades confira.\" width=\"640\" height=\"360\" src=\"https:\/\/www.youtube.com\/embed\/CItfoiPOTZs?feature=oembed\" frameborder=\"0\" allow=\"accelerometer; autoplay; clipboard-write; encrypted-media; gyroscope; picture-in-picture; web-share\" referrerpolicy=\"strict-origin-when-cross-origin\" allowfullscreen><\/iframe>\n<\/div><\/figure>\n\n\n\n<p><strong>Convite para assistir a apresenta\u00e7\u00e3o do grupo de violeiros do Projeto Retreta de Artur Nogueira.<\/strong><\/p>\n\n\n\n<figure class=\"wp-block-embed is-type-video is-provider-youtube wp-block-embed-youtube wp-embed-aspect-16-9 wp-has-aspect-ratio\"><div class=\"wp-block-embed__wrapper\">\n<iframe loading=\"lazy\" title=\"Ontem tivemos o ensaio da turma de cordas, viol\u00e3o, viola caipira, contra baixo e guitarra Retreta\" width=\"640\" height=\"360\" src=\"https:\/\/www.youtube.com\/embed\/VBnuLjGmkaQ?feature=oembed\" frameborder=\"0\" allow=\"accelerometer; autoplay; clipboard-write; encrypted-media; gyroscope; picture-in-picture; web-share\" referrerpolicy=\"strict-origin-when-cross-origin\" allowfullscreen><\/iframe>\n<\/div><\/figure>\n\n\n\n<p><strong>Um passeio pelas ruas de Artur Nogueira, Centro at\u00e9 a Igreja Cat\u00f3lica.<\/strong><\/p>\n\n\n\n<figure class=\"wp-block-embed is-type-video is-provider-youtube wp-block-embed-youtube wp-embed-aspect-16-9 wp-has-aspect-ratio\"><div class=\"wp-block-embed__wrapper\">\n<iframe loading=\"lazy\" title=\"Rubens Zolotujin PY2VE est\u00e1 ao vivo! direto do centro da cidade de Artur Nogueira\" width=\"640\" height=\"360\" src=\"https:\/\/www.youtube.com\/embed\/c9rYC5sHEr0?feature=oembed\" frameborder=\"0\" allow=\"accelerometer; autoplay; clipboard-write; encrypted-media; gyroscope; picture-in-picture; web-share\" referrerpolicy=\"strict-origin-when-cross-origin\" allowfullscreen><\/iframe>\n<\/div><\/figure>\n\n\n\n<p><strong>Aqui um pouco do local do Encontro de Radioamadores no dia 12\/10\/2025<\/strong><\/p>\n\n\n\n<figure class=\"wp-block-embed is-type-video is-provider-youtube wp-block-embed-youtube wp-embed-aspect-16-9 wp-has-aspect-ratio\"><div class=\"wp-block-embed__wrapper\">\n<iframe loading=\"lazy\" title=\"Rubens Ao vivo! direto do local do nosso evento que ser\u00e1 dia 12\/10\/2025 Encontro Amigos do R\u00e1dio\" width=\"640\" height=\"360\" src=\"https:\/\/www.youtube.com\/embed\/g-jL1Jfi2rg?feature=oembed\" frameborder=\"0\" allow=\"accelerometer; autoplay; clipboard-write; encrypted-media; gyroscope; picture-in-picture; web-share\" referrerpolicy=\"strict-origin-when-cross-origin\" allowfullscreen><\/iframe>\n<\/div><\/figure>\n\n\n\n<p><strong>Artur Nogueira, Ber\u00e7o da amizade divulga\u00e7\u00e3o<\/strong><\/p>\n\n\n\n<figure class=\"wp-block-embed is-type-video is-provider-youtube wp-block-embed-youtube wp-embed-aspect-9-16 wp-has-aspect-ratio\"><div class=\"wp-block-embed__wrapper\">\n<iframe loading=\"lazy\" title=\"Ber\u00e7o da amizade Artur Nogueira SP temos o 5\u00b0 Encontro Amigos do R\u00e1dio Encontroamigosdoradio.com.br1\" width=\"540\" height=\"960\" src=\"https:\/\/www.youtube.com\/embed\/DVpYyk3LY0A?feature=oembed\" frameborder=\"0\" allow=\"accelerometer; autoplay; clipboard-write; encrypted-media; gyroscope; picture-in-picture; web-share\" referrerpolicy=\"strict-origin-when-cross-origin\" allowfullscreen><\/iframe>\n<\/div><\/figure>\n\n\n\n<p><strong>5\u00ba Encontro Amigos do R\u00e1dio dia 12\/10\/2025 informa\u00e7\u00f5es<\/strong><\/p>\n\n\n\n<figure class=\"wp-block-embed is-type-video is-provider-youtube wp-block-embed-youtube wp-embed-aspect-9-16 wp-has-aspect-ratio\"><div class=\"wp-block-embed__wrapper\">\n<iframe loading=\"lazy\" title=\"5\u00b0 Encontro Amigos do R\u00e1dio mais informa\u00e7\u00f5es Artur Nogueira 12\/10 #encontro #hamradio #amateurradio\" width=\"540\" height=\"960\" src=\"https:\/\/www.youtube.com\/embed\/HwL6f-Mzkpg?feature=oembed\" frameborder=\"0\" allow=\"accelerometer; autoplay; clipboard-write; encrypted-media; gyroscope; picture-in-picture; web-share\" referrerpolicy=\"strict-origin-when-cross-origin\" allowfullscreen><\/iframe>\n<\/div><\/figure>\n\n\n\n<p><strong>Convite para o 5\u00ba Encontro Amigos do R\u00e1dio 12\/10\/2025<\/strong><\/p>\n\n\n\n<figure class=\"wp-block-embed is-type-video is-provider-youtube wp-block-embed-youtube wp-embed-aspect-9-16 wp-has-aspect-ratio\"><div class=\"wp-block-embed__wrapper\">\n<iframe loading=\"lazy\" title=\"5\u00b0 Encontro Amigos do R\u00e1dio 12\/10\/2025 - Artur Nogueira -SP\" width=\"540\" height=\"960\" src=\"https:\/\/www.youtube.com\/embed\/RKhPNEr6rfs?feature=oembed\" frameborder=\"0\" allow=\"accelerometer; autoplay; clipboard-write; encrypted-media; gyroscope; picture-in-picture; web-share\" referrerpolicy=\"strict-origin-when-cross-origin\" allowfullscreen><\/iframe>\n<\/div><\/figure>\n\n\n\n<p><\/p>\n\n\n\n<figure class=\"wp-block-embed is-type-video is-provider-youtube wp-block-embed-youtube wp-embed-aspect-16-9 wp-has-aspect-ratio\"><div class=\"wp-block-embed__wrapper\">\n<iframe loading=\"lazy\" title=\"Bem vindo a Artur Nogueira, conhe\u00e7a nossos caminhos at\u00e9 local do encontro de radioamadores\" width=\"640\" height=\"360\" src=\"https:\/\/www.youtube.com\/embed\/O6idPqk62QI?feature=oembed\" frameborder=\"0\" allow=\"accelerometer; autoplay; clipboard-write; encrypted-media; gyroscope; picture-in-picture; web-share\" referrerpolicy=\"strict-origin-when-cross-origin\" allowfullscreen><\/iframe>\n<\/div><\/figure>\n\n\n\n<p><strong>Feira de Artur Nogueira<\/strong><\/p>\n\n\n\n<figure class=\"wp-block-embed is-type-video is-provider-youtube wp-block-embed-youtube wp-embed-aspect-16-9 wp-has-aspect-ratio\"><div class=\"wp-block-embed__wrapper\">\n<iframe loading=\"lazy\" title=\"Alguns apoiadores da feira do Produtor Rural de Artur Nogueira para o 5\u00b0 Encontro Amigos do R\u00e1dio \" width=\"640\" height=\"360\" src=\"https:\/\/www.youtube.com\/embed\/nFCBea5gKuo?feature=oembed\" frameborder=\"0\" allow=\"accelerometer; autoplay; clipboard-write; encrypted-media; gyroscope; picture-in-picture; web-share\" referrerpolicy=\"strict-origin-when-cross-origin\" allowfullscreen><\/iframe>\n<\/div><\/figure>\n\n\n\n<p><\/p>\n\n\n\n<figure class=\"wp-block-embed is-type-video is-provider-youtube wp-block-embed-youtube wp-embed-aspect-16-9 wp-has-aspect-ratio\"><div class=\"wp-block-embed__wrapper\">\n<iframe loading=\"lazy\" title=\"Ensaio do grupo de violas do Projeto Retreta apresenta\u00e7\u00e3o dia 12\/10\" width=\"640\" height=\"360\" src=\"https:\/\/www.youtube.com\/embed\/8A5JQhhHsXA?feature=oembed\" frameborder=\"0\" allow=\"accelerometer; autoplay; clipboard-write; encrypted-media; gyroscope; picture-in-picture; web-share\" referrerpolicy=\"strict-origin-when-cross-origin\" allowfullscreen><\/iframe>\n<\/div><\/figure>\n\n\n\n<p><strong>Instala\u00e7\u00e3o banner na cidade<\/strong><\/p>\n\n\n\n<figure class=\"wp-block-embed is-type-video is-provider-youtube wp-block-embed-youtube wp-embed-aspect-16-9 wp-has-aspect-ratio\"><div class=\"wp-block-embed__wrapper\">\n<iframe loading=\"lazy\" title=\"Banner instalado no local do 5\u00b0 Encontro Amigos do R\u00e1dio 12\/10\" width=\"640\" height=\"360\" src=\"https:\/\/www.youtube.com\/embed\/MDTGZvGLLKI?feature=oembed\" frameborder=\"0\" allow=\"accelerometer; autoplay; clipboard-write; encrypted-media; gyroscope; picture-in-picture; web-share\" referrerpolicy=\"strict-origin-when-cross-origin\" allowfullscreen><\/iframe>\n<\/div><\/figure>\n\n\n\n<p>Steelbras convite especial<\/p>\n\n\n\n<figure class=\"wp-block-embed is-type-video is-provider-youtube wp-block-embed-youtube wp-embed-aspect-9-16 wp-has-aspect-ratio\"><div class=\"wp-block-embed__wrapper\">\n<iframe loading=\"lazy\" title=\"Convite exclusivo Steelbras te esperamos aqui no encontro dia 12\/10 #encontro #steelbras #louvetel\" width=\"540\" height=\"960\" src=\"https:\/\/www.youtube.com\/embed\/gDKfMaRTjpo?feature=oembed\" frameborder=\"0\" allow=\"accelerometer; autoplay; clipboard-write; encrypted-media; gyroscope; picture-in-picture; web-share\" referrerpolicy=\"strict-origin-when-cross-origin\" allowfullscreen><\/iframe>\n<\/div><\/figure>\n\n\n\n<p><\/p>\n","protected":false},"excerpt":{"rendered":"<p>APOIO Apoio social ao AIDAN &#8211; traga sua contribui\u00e7\u00e3o e concorra a diversos brindes da feira e de apoiadores. Convite importante direto de Artur Nogueira SP pra todos os radiamadores e entusiastas Dicas sobre o encontro muito importantes, monte sua esta\u00e7\u00e3o e uso todo o espa\u00e7o dispon\u00edvel Convite e informa\u00e7\u00f5es sobre doa\u00e7\u00f5es, motorhome, agenda de [&hellip;]<\/p>\n","protected":false},"author":1,"featured_media":0,"parent":0,"menu_order":0,"comment_status":"closed","ping_status":"closed","template":"","meta":{"footnotes":""},"class_list":["post-668","page","type-page","status-publish","hentry"],"yoast_head":"<!-- This site is optimized with the Yoast SEO plugin v27.4 - https:\/\/yoast.com\/product\/yoast-seo-wordpress\/ -->\n<title>V\u00eddeos - Vem ai 6\u00ba Encontro Amigos do R\u00e1dio<\/title>\n<meta name=\"robots\" content=\"index, follow, max-snippet:-1, max-image-preview:large, max-video-preview:-1\" \/>\n<link rel=\"canonical\" href=\"https:\/\/encontroamigosdoradio.com.br\/index.php\/videos\/\" \/>\n<meta property=\"og:locale\" content=\"pt_BR\" \/>\n<meta property=\"og:type\" content=\"article\" \/>\n<meta property=\"og:title\" content=\"V\u00eddeos - Vem ai 6\u00ba Encontro Amigos do R\u00e1dio\" \/>\n<meta property=\"og:description\" content=\"APOIO Apoio social ao AIDAN &#8211; traga sua contribui\u00e7\u00e3o e concorra a diversos brindes da feira e de apoiadores. Convite importante direto de Artur Nogueira SP pra todos os radiamadores e entusiastas Dicas sobre o encontro muito importantes, monte sua esta\u00e7\u00e3o e uso todo o espa\u00e7o dispon\u00edvel Convite e informa\u00e7\u00f5es sobre doa\u00e7\u00f5es, motorhome, agenda de [&hellip;]\" \/>\n<meta property=\"og:url\" content=\"https:\/\/encontroamigosdoradio.com.br\/index.php\/videos\/\" \/>\n<meta property=\"og:site_name\" content=\"Vem ai 6\u00ba Encontro Amigos do R\u00e1dio\" \/>\n<meta property=\"article:modified_time\" content=\"2025-10-06T09:11:21+00:00\" \/>\n<meta property=\"og:image\" content=\"https:\/\/encontroamigosdoradio.com.br\/wp-content\/uploads\/2025\/09\/videos.png\" \/>\n\t<meta property=\"og:image:width\" content=\"580\" \/>\n\t<meta property=\"og:image:height\" content=\"300\" \/>\n\t<meta property=\"og:image:type\" content=\"image\/png\" \/>\n<meta name=\"twitter:card\" content=\"summary_large_image\" \/>\n<meta name=\"twitter:label1\" content=\"Est. tempo de leitura\" \/>\n\t<meta name=\"twitter:data1\" content=\"2 minutos\" \/>\n<script type=\"application\/ld+json\" class=\"yoast-schema-graph\">{\"@context\":\"https:\\\/\\\/schema.org\",\"@graph\":[{\"@type\":\"WebPage\",\"@id\":\"https:\\\/\\\/encontroamigosdoradio.com.br\\\/index.php\\\/videos\\\/\",\"url\":\"https:\\\/\\\/encontroamigosdoradio.com.br\\\/index.php\\\/videos\\\/\",\"name\":\"V\u00eddeos - Vem ai 6\u00ba Encontro Amigos do R\u00e1dio\",\"isPartOf\":{\"@id\":\"https:\\\/\\\/encontroamigosdoradio.com.br\\\/#website\"},\"primaryImageOfPage\":{\"@id\":\"https:\\\/\\\/encontroamigosdoradio.com.br\\\/index.php\\\/videos\\\/#primaryimage\"},\"image\":{\"@id\":\"https:\\\/\\\/encontroamigosdoradio.com.br\\\/index.php\\\/videos\\\/#primaryimage\"},\"thumbnailUrl\":\"https:\\\/\\\/encontroamigosdoradio.com.br\\\/wp-content\\\/uploads\\\/2025\\\/09\\\/videos.png\",\"datePublished\":\"2025-09-19T14:10:11+00:00\",\"dateModified\":\"2025-10-06T09:11:21+00:00\",\"breadcrumb\":{\"@id\":\"https:\\\/\\\/encontroamigosdoradio.com.br\\\/index.php\\\/videos\\\/#breadcrumb\"},\"inLanguage\":\"pt-BR\",\"potentialAction\":[{\"@type\":\"ReadAction\",\"target\":[\"https:\\\/\\\/encontroamigosdoradio.com.br\\\/index.php\\\/videos\\\/\"]}]},{\"@type\":\"ImageObject\",\"inLanguage\":\"pt-BR\",\"@id\":\"https:\\\/\\\/encontroamigosdoradio.com.br\\\/index.php\\\/videos\\\/#primaryimage\",\"url\":\"https:\\\/\\\/encontroamigosdoradio.com.br\\\/wp-content\\\/uploads\\\/2025\\\/09\\\/videos.png\",\"contentUrl\":\"https:\\\/\\\/encontroamigosdoradio.com.br\\\/wp-content\\\/uploads\\\/2025\\\/09\\\/videos.png\",\"width\":580,\"height\":300},{\"@type\":\"BreadcrumbList\",\"@id\":\"https:\\\/\\\/encontroamigosdoradio.com.br\\\/index.php\\\/videos\\\/#breadcrumb\",\"itemListElement\":[{\"@type\":\"ListItem\",\"position\":1,\"name\":\"In\u00edcio\",\"item\":\"https:\\\/\\\/encontroamigosdoradio.com.br\\\/\"},{\"@type\":\"ListItem\",\"position\":2,\"name\":\"V\u00eddeos\"}]},{\"@type\":\"WebSite\",\"@id\":\"https:\\\/\\\/encontroamigosdoradio.com.br\\\/#website\",\"url\":\"https:\\\/\\\/encontroamigosdoradio.com.br\\\/\",\"name\":\"Encontro Amigos do R\u00e1dio\",\"description\":\"A paix\u00e3o pelo Radiocomunica\u00e7\u00e3o\",\"publisher\":{\"@id\":\"https:\\\/\\\/encontroamigosdoradio.com.br\\\/#organization\"},\"potentialAction\":[{\"@type\":\"SearchAction\",\"target\":{\"@type\":\"EntryPoint\",\"urlTemplate\":\"https:\\\/\\\/encontroamigosdoradio.com.br\\\/?s={search_term_string}\"},\"query-input\":{\"@type\":\"PropertyValueSpecification\",\"valueRequired\":true,\"valueName\":\"search_term_string\"}}],\"inLanguage\":\"pt-BR\"},{\"@type\":\"Organization\",\"@id\":\"https:\\\/\\\/encontroamigosdoradio.com.br\\\/#organization\",\"name\":\"Encontro Amigos do R\u00e1dio\",\"url\":\"https:\\\/\\\/encontroamigosdoradio.com.br\\\/\",\"logo\":{\"@type\":\"ImageObject\",\"inLanguage\":\"pt-BR\",\"@id\":\"https:\\\/\\\/encontroamigosdoradio.com.br\\\/#\\\/schema\\\/logo\\\/image\\\/\",\"url\":\"https:\\\/\\\/encontroamigosdoradio.com.br\\\/wp-content\\\/uploads\\\/2025\\\/02\\\/banner1-dia12102025.png\",\"contentUrl\":\"https:\\\/\\\/encontroamigosdoradio.com.br\\\/wp-content\\\/uploads\\\/2025\\\/02\\\/banner1-dia12102025.png\",\"width\":580,\"height\":300,\"caption\":\"Encontro Amigos do R\u00e1dio\"},\"image\":{\"@id\":\"https:\\\/\\\/encontroamigosdoradio.com.br\\\/#\\\/schema\\\/logo\\\/image\\\/\"}}]}<\/script>\n<!-- \/ Yoast SEO plugin. -->","yoast_head_json":{"title":"V\u00eddeos - Vem ai 6\u00ba Encontro Amigos do R\u00e1dio","robots":{"index":"index","follow":"follow","max-snippet":"max-snippet:-1","max-image-preview":"max-image-preview:large","max-video-preview":"max-video-preview:-1"},"canonical":"https:\/\/encontroamigosdoradio.com.br\/index.php\/videos\/","og_locale":"pt_BR","og_type":"article","og_title":"V\u00eddeos - Vem ai 6\u00ba Encontro Amigos do R\u00e1dio","og_description":"APOIO Apoio social ao AIDAN &#8211; traga sua contribui\u00e7\u00e3o e concorra a diversos brindes da feira e de apoiadores. Convite importante direto de Artur Nogueira SP pra todos os radiamadores e entusiastas Dicas sobre o encontro muito importantes, monte sua esta\u00e7\u00e3o e uso todo o espa\u00e7o dispon\u00edvel Convite e informa\u00e7\u00f5es sobre doa\u00e7\u00f5es, motorhome, agenda de [&hellip;]","og_url":"https:\/\/encontroamigosdoradio.com.br\/index.php\/videos\/","og_site_name":"Vem ai 6\u00ba Encontro Amigos do R\u00e1dio","article_modified_time":"2025-10-06T09:11:21+00:00","og_image":[{"width":580,"height":300,"url":"https:\/\/encontroamigosdoradio.com.br\/wp-content\/uploads\/2025\/09\/videos.png","type":"image\/png"}],"twitter_card":"summary_large_image","twitter_misc":{"Est. tempo de leitura":"2 minutos"},"schema":{"@context":"https:\/\/schema.org","@graph":[{"@type":"WebPage","@id":"https:\/\/encontroamigosdoradio.com.br\/index.php\/videos\/","url":"https:\/\/encontroamigosdoradio.com.br\/index.php\/videos\/","name":"V\u00eddeos - Vem ai 6\u00ba Encontro Amigos do R\u00e1dio","isPartOf":{"@id":"https:\/\/encontroamigosdoradio.com.br\/#website"},"primaryImageOfPage":{"@id":"https:\/\/encontroamigosdoradio.com.br\/index.php\/videos\/#primaryimage"},"image":{"@id":"https:\/\/encontroamigosdoradio.com.br\/index.php\/videos\/#primaryimage"},"thumbnailUrl":"https:\/\/encontroamigosdoradio.com.br\/wp-content\/uploads\/2025\/09\/videos.png","datePublished":"2025-09-19T14:10:11+00:00","dateModified":"2025-10-06T09:11:21+00:00","breadcrumb":{"@id":"https:\/\/encontroamigosdoradio.com.br\/index.php\/videos\/#breadcrumb"},"inLanguage":"pt-BR","potentialAction":[{"@type":"ReadAction","target":["https:\/\/encontroamigosdoradio.com.br\/index.php\/videos\/"]}]},{"@type":"ImageObject","inLanguage":"pt-BR","@id":"https:\/\/encontroamigosdoradio.com.br\/index.php\/videos\/#primaryimage","url":"https:\/\/encontroamigosdoradio.com.br\/wp-content\/uploads\/2025\/09\/videos.png","contentUrl":"https:\/\/encontroamigosdoradio.com.br\/wp-content\/uploads\/2025\/09\/videos.png","width":580,"height":300},{"@type":"BreadcrumbList","@id":"https:\/\/encontroamigosdoradio.com.br\/index.php\/videos\/#breadcrumb","itemListElement":[{"@type":"ListItem","position":1,"name":"In\u00edcio","item":"https:\/\/encontroamigosdoradio.com.br\/"},{"@type":"ListItem","position":2,"name":"V\u00eddeos"}]},{"@type":"WebSite","@id":"https:\/\/encontroamigosdoradio.com.br\/#website","url":"https:\/\/encontroamigosdoradio.com.br\/","name":"Encontro Amigos do R\u00e1dio","description":"A paix\u00e3o pelo Radiocomunica\u00e7\u00e3o","publisher":{"@id":"https:\/\/encontroamigosdoradio.com.br\/#organization"},"potentialAction":[{"@type":"SearchAction","target":{"@type":"EntryPoint","urlTemplate":"https:\/\/encontroamigosdoradio.com.br\/?s={search_term_string}"},"query-input":{"@type":"PropertyValueSpecification","valueRequired":true,"valueName":"search_term_string"}}],"inLanguage":"pt-BR"},{"@type":"Organization","@id":"https:\/\/encontroamigosdoradio.com.br\/#organization","name":"Encontro Amigos do R\u00e1dio","url":"https:\/\/encontroamigosdoradio.com.br\/","logo":{"@type":"ImageObject","inLanguage":"pt-BR","@id":"https:\/\/encontroamigosdoradio.com.br\/#\/schema\/logo\/image\/","url":"https:\/\/encontroamigosdoradio.com.br\/wp-content\/uploads\/2025\/02\/banner1-dia12102025.png","contentUrl":"https:\/\/encontroamigosdoradio.com.br\/wp-content\/uploads\/2025\/02\/banner1-dia12102025.png","width":580,"height":300,"caption":"Encontro Amigos do R\u00e1dio"},"image":{"@id":"https:\/\/encontroamigosdoradio.com.br\/#\/schema\/logo\/image\/"}}]}},"_links":{"self":[{"href":"https:\/\/encontroamigosdoradio.com.br\/index.php\/wp-json\/wp\/v2\/pages\/668","targetHints":{"allow":["GET"]}}],"collection":[{"href":"https:\/\/encontroamigosdoradio.com.br\/index.php\/wp-json\/wp\/v2\/pages"}],"about":[{"href":"https:\/\/encontroamigosdoradio.com.br\/index.php\/wp-json\/wp\/v2\/types\/page"}],"author":[{"embeddable":true,"href":"https:\/\/encontroamigosdoradio.com.br\/index.php\/wp-json\/wp\/v2\/users\/1"}],"replies":[{"embeddable":true,"href":"https:\/\/encontroamigosdoradio.com.br\/index.php\/wp-json\/wp\/v2\/comments?post=668"}],"version-history":[{"count":7,"href":"https:\/\/encontroamigosdoradio.com.br\/index.php\/wp-json\/wp\/v2\/pages\/668\/revisions"}],"predecessor-version":[{"id":832,"href":"https:\/\/encontroamigosdoradio.com.br\/index.php\/wp-json\/wp\/v2\/pages\/668\/revisions\/832"}],"wp:attachment":[{"href":"https:\/\/encontroamigosdoradio.com.br\/index.php\/wp-json\/wp\/v2\/media?parent=668"}],"curies":[{"name":"wp","href":"https:\/\/api.w.org\/{rel}","templated":true}]}}